{"id":223,"date":"2024-01-31T12:32:10","date_gmt":"2024-01-31T12:32:10","guid":{"rendered":"https:\/\/medicinaestetica.xn--institutomedicopalmeo-vbc.com\/?page_id=223"},"modified":"2024-01-31T12:59:19","modified_gmt":"2024-01-31T12:59:19","slug":"unidad-cirugia-estetica-y-maxilofacial","status":"publish","type":"page","link":"https:\/\/medicinaestetica.xn--institutomedicopalmeo-vbc.com\/index.php\/unidad-cirugia-estetica-y-maxilofacial\/","title":{"rendered":"Unidad cirug\u00eda est\u00e9tica y maxilofacial"},"content":{"rendered":"<p>[et_pb_section fb_built=\u00bb1&#8243; admin_label=\u00bbHeader\u00bb _builder_version=\u00bb4.24.0&#8243; _module_preset=\u00bbdefault\u00bb use_background_color_gradient=\u00bbon\u00bb background_color_gradient_type=\u00bbcircular\u00bb background_color_gradient_direction_radial=\u00bbright\u00bb background_color_gradient_stops=\u00bb#ffffff 31%|rgba(255,255,255,0) 59%\u00bb background_color_gradient_overlays_image=\u00bbon\u00bb background_image=\u00bbhttps:\/\/medicinaestetica.xn--institutomedicopalmeo-vbc.com\/wp-content\/uploads\/2024\/01\/386579289_122102621486061792_7439334519359122737_n.jpg\u00bb custom_padding=\u00bb8vw||8vw||true|false\u00bb hover_enabled=\u00bb0&#8243; background_last_edited=\u00bbon|tablet\u00bb use_background_color_gradient_tablet=\u00bbon\u00bb background_color_gradient_stops_tablet=\u00bb#ffffff 30%|rgba(243,239,229,0.4) 100%\u00bb locked=\u00bboff\u00bb collapsed=\u00bbon\u00bb global_colors_info=\u00bb{}\u00bb sticky_enabled=\u00bb0&#8243;][et_pb_row column_structure=\u00bb1_3,2_3&#8243; _builder_version=\u00bb4.20.0&#8243; _module_preset=\u00bbdefault\u00bb global_colors_info=\u00bb{}\u00bb][et_pb_column type=\u00bb1_3&#8243; _builder_version=\u00bb4.20.0&#8243; _module_preset=\u00bbdefault\u00bb global_colors_info=\u00bb{}\u00bb][\/et_pb_column][et_pb_column type=\u00bb2_3&#8243; _builder_version=\u00bb4.20.0&#8243; _module_preset=\u00bbdefault\u00bb global_colors_info=\u00bb{}\u00bb][et_pb_text _builder_version=\u00bb4.24.0&#8243; _module_preset=\u00bb_initial\u00bb header_4_font=\u00bbLato|700||on|||||\u00bb header_4_text_align=\u00bbright\u00bb header_4_text_color=\u00bb#eb595e\u00bb header_4_font_size=\u00bb14px\u00bb header_4_letter_spacing=\u00bb1px\u00bb header_4_line_height=\u00bb1.4em\u00bb custom_margin=\u00bb||0px||false|false\u00bb global_colors_info=\u00bb{}\u00bb]<\/p>\n<h4>INSTITUTO M\u00c9DICO PALME\u00d1O<\/h4>\n<p>[\/et_pb_text][et_pb_text _builder_version=\u00bb4.24.0&#8243; _module_preset=\u00bb_initial\u00bb header_font=\u00bbPlayfair Display|500|||||||\u00bb header_text_align=\u00bbright\u00bb header_font_size=\u00bb64px\u00bb header_line_height=\u00bb1.2em\u00bb header_font_size_tablet=\u00bb40px\u00bb header_font_size_phone=\u00bb24px\u00bb header_font_size_last_edited=\u00bbon|desktop\u00bb global_colors_info=\u00bb{}\u00bb]<\/p>\n<h1>Unidad cirug\u00eda est\u00e9tica y maxilofacial<\/h1>\n<p>[\/et_pb_text][\/et_pb_column][\/et_pb_row][\/et_pb_section][et_pb_section fb_built=\u00bb1&#8243; admin_label=\u00bbService\u00bb _builder_version=\u00bb4.24.0&#8243; _module_preset=\u00bbdefault\u00bb background_color=\u00bb#FFFFFF\u00bb locked=\u00bboff\u00bb collapsed=\u00bbon\u00bb global_colors_info=\u00bb{}\u00bb][et_pb_row column_structure=\u00bb1_2,1_2&#8243; _builder_version=\u00bb4.20.0&#8243; _module_preset=\u00bbdefault\u00bb global_colors_info=\u00bb{}\u00bb][et_pb_column type=\u00bb1_2&#8243; _builder_version=\u00bb4.20.0&#8243; _module_preset=\u00bbdefault\u00bb global_colors_info=\u00bb{}\u00bb][et_pb_text _builder_version=\u00bb4.24.0&#8243; _module_preset=\u00bb_initial\u00bb header_4_font=\u00bbLato|700||on|||||\u00bb header_4_text_color=\u00bb#eb595e\u00bb header_4_font_size=\u00bb14px\u00bb header_4_letter_spacing=\u00bb1px\u00bb header_4_line_height=\u00bb1.4em\u00bb custom_margin=\u00bb||0px||false|false\u00bb global_colors_info=\u00bb{}\u00bb]<\/p>\n<h4>UNIDAD CIRUG\u00cdA EST\u00c9TICA Y MAXILOFACIAL<\/h4>\n<p>[\/et_pb_text][et_pb_text _builder_version=\u00bb4.24.0&#8243; _module_preset=\u00bb_initial\u00bb header_2_font=\u00bbPlayfair Display|500|||||||\u00bb header_2_font_size=\u00bb48px\u00bb header_2_line_height=\u00bb1.2em\u00bb header_2_font_size_tablet=\u00bb32px\u00bb header_2_font_size_phone=\u00bb20px\u00bb header_2_font_size_last_edited=\u00bbon|desktop\u00bb global_colors_info=\u00bb{}\u00bb]<\/p>\n<h2>Dr. Cuevas Queipo<\/h2>\n<p>[\/et_pb_text][et_pb_text _builder_version=\u00bb4.24.0&#8243; _module_preset=\u00bb_initial\u00bb text_font=\u00bbLato||||||||\u00bb text_text_color=\u00bb#3f4041&#8243; text_font_size=\u00bb16px\u00bb text_line_height=\u00bb1.8em\u00bb text_font_size_tablet=\u00bb15px\u00bb text_font_size_phone=\u00bb14px\u00bb text_font_size_last_edited=\u00bbon|desktop\u00bb global_colors_info=\u00bb{}\u00bb]<\/p>\n<p><span>El Dr. Alberto Cuevas Queipo de Llano cuenta con la visi\u00f3n y la destreza t\u00e9cnica que le permiten saber interpretar el rostro entendiendo sus formas naturales para redefinirlo desde la armon\u00eda y m\u00e1xima garant\u00eda.<\/span><\/p>\n<p>[\/et_pb_text][et_pb_button button_url=\u00bbhttps:\/\/www.drcuevasqueipo.com\/\u00bb url_new_window=\u00bbon\u00bb button_text=\u00bbVER M\u00c1S\u00bb _builder_version=\u00bb4.24.0&#8243; _module_preset=\u00bb_initial\u00bb custom_button=\u00bbon\u00bb button_text_size=\u00bb14px\u00bb button_text_color=\u00bb#eb595e\u00bb button_bg_color=\u00bbRGBA(255,255,255,0)\u00bb button_border_color=\u00bb#eb595e\u00bb button_border_radius=\u00bb0px\u00bb button_letter_spacing=\u00bb0.15em\u00bb button_font=\u00bbLato|700||on|||||\u00bb custom_padding=\u00bb12px|36px|12px|36px|true|true\u00bb locked=\u00bboff\u00bb global_colors_info=\u00bb{}\u00bb][\/et_pb_button][\/et_pb_column][et_pb_column type=\u00bb1_2&#8243; _builder_version=\u00bb4.20.0&#8243; _module_preset=\u00bbdefault\u00bb global_colors_info=\u00bb{}\u00bb][et_pb_image src=\u00bbhttps:\/\/medicinaestetica.xn--institutomedicopalmeo-vbc.com\/wp-content\/uploads\/2024\/01\/DR-CUEVAS-QUEIPO.jpg\u00bb title_text=\u00bbDR CUEVAS QUEIPO\u00bb _builder_version=\u00bb4.24.0&#8243; _module_preset=\u00bbdefault\u00bb global_colors_info=\u00bb{}\u00bb][\/et_pb_image][et_pb_image src=\u00bbhttps:\/\/medicinaestetica.xn--institutomedicopalmeo-vbc.com\/wp-content\/uploads\/2024\/01\/beauty-esthetician-44.png\u00bb title_text=\u00bbbeauty-esthetician-44&#8243; _builder_version=\u00bb4.20.0&#8243; _module_preset=\u00bbdefault\u00bb width=\u00bb60%\u00bb custom_margin=\u00bb-30%|||-12%|false|false\u00bb global_colors_info=\u00bb{}\u00bb][\/et_pb_image][\/et_pb_column][\/et_pb_row][\/et_pb_section][et_pb_section fb_built=\u00bb1&#8243; admin_label=\u00bbFooter\u00bb _builder_version=\u00bb4.24.0&#8243; _module_preset=\u00bbdefault\u00bb background_color=\u00bb#FFFFFF\u00bb saved_tabs=\u00bball\u00bb collapsed=\u00bbon\u00bb global_colors_info=\u00bb{}\u00bb][et_pb_row _builder_version=\u00bb4.20.0&#8243; _module_preset=\u00bbdefault\u00bb global_colors_info=\u00bb{}\u00bb][et_pb_column type=\u00bb4_4&#8243; _builder_version=\u00bb4.20.0&#8243; _module_preset=\u00bbdefault\u00bb global_colors_info=\u00bb{}\u00bb][et_pb_text _builder_version=\u00bb4.24.0&#8243; _module_preset=\u00bb77e688b2-979f-4b53-b9d1-3e64eba99adb\u00bb header_text_color=\u00bbgcid-066b09b2-9131-43fc-b054-b687f21b01ba\u00bb header_4_text_color=\u00bbgcid-066b09b2-9131-43fc-b054-b687f21b01ba\u00bb text_orientation=\u00bbcenter\u00bb global_colors_info=\u00bb{%22gcid-066b09b2-9131-43fc-b054-b687f21b01ba%22:%91%22header_text_color%22,%22header_4_text_color%22%93}\u00bb]<\/p>\n<h4>INSTITUTO M\u00c9DICO PALME\u00d1O<\/h4>\n<p>[\/et_pb_text][et_pb_text _builder_version=\u00bb4.24.0&#8243; _module_preset=\u00bbe795b2cf-cdf1-479d-9d26-58996f1933d3&#8243; text_orientation=\u00bbcenter\u00bb global_colors_info=\u00bb{}\u00bb]<\/p>\n<h2>Pide tu cita<\/h2>\n<p>[\/et_pb_text][\/et_pb_column][\/et_pb_row][et_pb_row column_structure=\u00bb1_4,1_4,1_4,1_4&#8243; _builder_version=\u00bb4.20.0&#8243; _module_preset=\u00bbdefault\u00bb global_colors_info=\u00bb{}\u00bb][et_pb_column type=\u00bb1_4&#8243; _builder_version=\u00bb4.20.0&#8243; _module_preset=\u00bbdefault\u00bb global_colors_info=\u00bb{}\u00bb][et_pb_icon font_icon=\u00bb&#xe01d;||divi||400&#8243; icon_color=\u00bbgcid-066b09b2-9131-43fc-b054-b687f21b01ba\u00bb icon_width=\u00bb16px\u00bb _builder_version=\u00bb4.24.0&#8243; _module_preset=\u00bbdefault\u00bb custom_margin=\u00bb||10px||false|false\u00bb global_colors_info=\u00bb{%22gcid-066b09b2-9131-43fc-b054-b687f21b01ba%22:%91%22icon_color%22%93}\u00bb][\/et_pb_icon][et_pb_text _builder_version=\u00bb4.24.0&#8243; _module_preset=\u00bb643617d0-c902-4884-ab42-ed61dd77146f\u00bb header_4_text_color=\u00bbgcid-97182601-61ab-4626-954a-29b0757ae92a\u00bb header_4_font_size=\u00bb25px\u00bb text_orientation=\u00bbcenter\u00bb custom_margin=\u00bb||20px||false|false\u00bb global_colors_info=\u00bb{%22gcid-97182601-61ab-4626-954a-29b0757ae92a%22:%91%22header_4_text_color%22%93}\u00bb]<\/p>\n<h4>Localizaci\u00f3n<\/h4>\n<p>[\/et_pb_text][et_pb_text _builder_version=\u00bb4.24.0&#8243; _module_preset=\u00bb77665acd-c82d-4ff1-9c20-ff3af4adf30a\u00bb text_font_size=\u00bb16px\u00bb link_text_color=\u00bbgcid-593669bf-7b77-45f1-89ce-cfe13309ccf8&#8243; text_orientation=\u00bbcenter\u00bb global_colors_info=\u00bb{%22gcid-593669bf-7b77-45f1-89ce-cfe13309ccf8%22:%91%22text_text_color%22,%22link_text_color%22%93}\u00bb]<\/p>\n<p>Av. Mar\u00eda Auxiliadora, 33. Palma del R\u00edo (C\u00f3rdoba).<\/p>\n<p>[\/et_pb_text][\/et_pb_column][et_pb_column type=\u00bb1_4&#8243; _builder_version=\u00bb4.20.0&#8243; _module_preset=\u00bbdefault\u00bb global_colors_info=\u00bb{}\u00bb][et_pb_icon font_icon=\u00bb&#xe010;||divi||400&#8243; icon_color=\u00bbgcid-066b09b2-9131-43fc-b054-b687f21b01ba\u00bb icon_width=\u00bb16px\u00bb _builder_version=\u00bb4.24.0&#8243; _module_preset=\u00bbdefault\u00bb custom_margin=\u00bb||10px||false|false\u00bb global_colors_info=\u00bb{%22gcid-066b09b2-9131-43fc-b054-b687f21b01ba%22:%91%22icon_color%22%93}\u00bb][\/et_pb_icon][et_pb_text _builder_version=\u00bb4.24.0&#8243; _module_preset=\u00bb643617d0-c902-4884-ab42-ed61dd77146f\u00bb header_4_text_color=\u00bbgcid-97182601-61ab-4626-954a-29b0757ae92a\u00bb header_4_font_size=\u00bb25px\u00bb text_orientation=\u00bbcenter\u00bb custom_margin=\u00bb||20px||false|false\u00bb global_colors_info=\u00bb{%22gcid-97182601-61ab-4626-954a-29b0757ae92a%22:%91%22header_4_text_color%22%93}\u00bb]<\/p>\n<h4>Email<\/h4>\n<p>[\/et_pb_text][et_pb_text _builder_version=\u00bb4.24.0&#8243; _module_preset=\u00bb77665acd-c82d-4ff1-9c20-ff3af4adf30a\u00bb text_font_size=\u00bb16px\u00bb link_text_color=\u00bbgcid-593669bf-7b77-45f1-89ce-cfe13309ccf8&#8243; text_orientation=\u00bbcenter\u00bb custom_margin=\u00bb|-92px||-8px||\u00bb custom_padding=\u00bb|0px||0px||\u00bb global_colors_info=\u00bb{%22gcid-593669bf-7b77-45f1-89ce-cfe13309ccf8%22:%91%22text_text_color%22,%22link_text_color%22%93}\u00bb]<\/p>\n<p>belenmartinezmedicinaestetica@gmail.com<\/p>\n<p>[\/et_pb_text][\/et_pb_column][et_pb_column type=\u00bb1_4&#8243; _builder_version=\u00bb4.20.0&#8243; _module_preset=\u00bbdefault\u00bb global_colors_info=\u00bb{}\u00bb][et_pb_icon font_icon=\u00bb&#xe00b;||divi||400&#8243; icon_color=\u00bbgcid-066b09b2-9131-43fc-b054-b687f21b01ba\u00bb icon_width=\u00bb16px\u00bb _builder_version=\u00bb4.24.0&#8243; _module_preset=\u00bbdefault\u00bb custom_margin=\u00bb||10px||false|false\u00bb global_colors_info=\u00bb{%22gcid-066b09b2-9131-43fc-b054-b687f21b01ba%22:%91%22icon_color%22%93}\u00bb][\/et_pb_icon][et_pb_text _builder_version=\u00bb4.24.0&#8243; _module_preset=\u00bb643617d0-c902-4884-ab42-ed61dd77146f\u00bb header_4_text_color=\u00bbgcid-97182601-61ab-4626-954a-29b0757ae92a\u00bb header_4_font_size=\u00bb25px\u00bb text_orientation=\u00bbcenter\u00bb custom_margin=\u00bb||20px||false|false\u00bb global_colors_info=\u00bb{%22gcid-97182601-61ab-4626-954a-29b0757ae92a%22:%91%22header_4_text_color%22%93}\u00bb]<\/p>\n<h4>Tel\u00e9fono<\/h4>\n<p>[\/et_pb_text][et_pb_text _builder_version=\u00bb4.24.0&#8243; _module_preset=\u00bb77665acd-c82d-4ff1-9c20-ff3af4adf30a\u00bb text_font_size=\u00bb16px\u00bb link_text_color=\u00bbgcid-593669bf-7b77-45f1-89ce-cfe13309ccf8&#8243; text_orientation=\u00bbcenter\u00bb global_colors_info=\u00bb{%22gcid-593669bf-7b77-45f1-89ce-cfe13309ccf8%22:%91%22text_text_color%22,%22link_text_color%22%93}\u00bb]<\/p>\n<p>957 053 353<\/p>\n<p>[\/et_pb_text][\/et_pb_column][et_pb_column type=\u00bb1_4&#8243; _builder_version=\u00bb4.20.0&#8243; _module_preset=\u00bbdefault\u00bb global_colors_info=\u00bb{}\u00bb][et_pb_icon font_icon=\u00bb&#x7d;||divi||400&#8243; icon_color=\u00bbgcid-066b09b2-9131-43fc-b054-b687f21b01ba\u00bb icon_width=\u00bb16px\u00bb _builder_version=\u00bb4.24.0&#8243; _module_preset=\u00bbdefault\u00bb custom_margin=\u00bb||10px||false|false\u00bb global_colors_info=\u00bb{%22gcid-066b09b2-9131-43fc-b054-b687f21b01ba%22:%91%22icon_color%22%93}\u00bb][\/et_pb_icon][et_pb_text _builder_version=\u00bb4.24.0&#8243; _module_preset=\u00bb643617d0-c902-4884-ab42-ed61dd77146f\u00bb header_4_text_color=\u00bbgcid-97182601-61ab-4626-954a-29b0757ae92a\u00bb header_4_font_size=\u00bb25px\u00bb text_orientation=\u00bbcenter\u00bb custom_margin=\u00bb||20px||false|false\u00bb global_colors_info=\u00bb{%22gcid-97182601-61ab-4626-954a-29b0757ae92a%22:%91%22header_4_text_color%22%93}\u00bb]<\/p>\n<h4>Horario<\/h4>\n<p>[\/et_pb_text][et_pb_text _builder_version=\u00bb4.24.0&#8243; _module_preset=\u00bb77665acd-c82d-4ff1-9c20-ff3af4adf30a\u00bb text_font_size=\u00bb16px\u00bb link_text_color=\u00bbgcid-593669bf-7b77-45f1-89ce-cfe13309ccf8&#8243; text_orientation=\u00bbcenter\u00bb global_colors_info=\u00bb{%22gcid-593669bf-7b77-45f1-89ce-cfe13309ccf8%22:%91%22text_text_color%22,%22link_text_color%22%93}\u00bb]<\/p>\n<p>Lunes a viernes: 08am &#8211; 20pm<\/p>\n<p>[\/et_pb_text][\/et_pb_column][\/et_pb_row][\/et_pb_section]<\/p>\n","protected":false},"excerpt":{"rendered":"<p>INSTITUTO M\u00c9DICO PALME\u00d1OUnidad cirug\u00eda est\u00e9tica y maxilofacialUNIDAD CIRUG\u00cdA EST\u00c9TICA Y MAXILOFACIALDr. Cuevas QueipoEl Dr. Alberto Cuevas Queipo de Llano cuenta con la visi\u00f3n y la destreza t\u00e9cnica que le permiten saber interpretar el rostro entendiendo sus formas naturales para redefinirlo desde la armon\u00eda y m\u00e1xima garant\u00eda.INSTITUTO M\u00c9DICO PALME\u00d1OPide tu citaLocalizaci\u00f3nAv. Mar\u00eda Auxiliadora, 33. Palma del [&hellip;]<\/p>\n","protected":false},"author":1,"featured_media":0,"parent":0,"menu_order":0,"comment_status":"closed","ping_status":"closed","template":"","meta":{"_et_pb_use_builder":"on","_et_pb_old_content":"","_et_gb_content_width":"","footnotes":""},"class_list":["post-223","page","type-page","status-publish","hentry"],"_links":{"self":[{"href":"https:\/\/medicinaestetica.xn--institutomedicopalmeo-vbc.com\/index.php\/wp-json\/wp\/v2\/pages\/223","targetHints":{"allow":["GET"]}}],"collection":[{"href":"https:\/\/medicinaestetica.xn--institutomedicopalmeo-vbc.com\/index.php\/wp-json\/wp\/v2\/pages"}],"about":[{"href":"https:\/\/medicinaestetica.xn--institutomedicopalmeo-vbc.com\/index.php\/wp-json\/wp\/v2\/types\/page"}],"author":[{"embeddable":true,"href":"https:\/\/medicinaestetica.xn--institutomedicopalmeo-vbc.com\/index.php\/wp-json\/wp\/v2\/users\/1"}],"replies":[{"embeddable":true,"href":"https:\/\/medicinaestetica.xn--institutomedicopalmeo-vbc.com\/index.php\/wp-json\/wp\/v2\/comments?post=223"}],"version-history":[{"count":7,"href":"https:\/\/medicinaestetica.xn--institutomedicopalmeo-vbc.com\/index.php\/wp-json\/wp\/v2\/pages\/223\/revisions"}],"predecessor-version":[{"id":266,"href":"https:\/\/medicinaestetica.xn--institutomedicopalmeo-vbc.com\/index.php\/wp-json\/wp\/v2\/pages\/223\/revisions\/266"}],"wp:attachment":[{"href":"https:\/\/medicinaestetica.xn--institutomedicopalmeo-vbc.com\/index.php\/wp-json\/wp\/v2\/media?parent=223"}],"curies":[{"name":"wp","href":"https:\/\/api.w.org\/{rel}","templated":true}]}}