{"id":267,"date":"2024-02-01T10:45:46","date_gmt":"2024-02-01T10:45:46","guid":{"rendered":"https:\/\/medicinaestetica.xn--institutomedicopalmeo-vbc.com\/?page_id=267"},"modified":"2024-04-03T21:23:53","modified_gmt":"2024-04-03T21:23:53","slug":"contacto","status":"publish","type":"page","link":"https:\/\/medicinaestetica.xn--institutomedicopalmeo-vbc.com\/index.php\/contacto\/","title":{"rendered":"Contacto"},"content":{"rendered":"<p>[et_pb_section fb_built=\u00bb1&#8243; admin_label=\u00bbHeader\u00bb _builder_version=\u00bb4.24.0&#8243; _module_preset=\u00bbdefault\u00bb use_background_color_gradient=\u00bbon\u00bb background_color_gradient_direction=\u00bb90deg\u00bb background_color_gradient_stops=\u00bb#ffffff 0%|#ffffff 40%|rgba(243,239,229,0.5) 49%\u00bb background_color_gradient_overlays_image=\u00bbon\u00bb background_image=\u00bbhttps:\/\/medicinaestetica.xn--institutomedicopalmeo-vbc.com\/wp-content\/uploads\/2024\/01\/CLINICA-1-13-scaled.jpg\u00bb collapsed=\u00bbon\u00bb global_colors_info=\u00bb{}\u00bb][et_pb_row column_structure=\u00bb1_2,1_2&#8243; _builder_version=\u00bb4.20.0&#8243; _module_preset=\u00bbdefault\u00bb global_colors_info=\u00bb{}\u00bb][et_pb_column type=\u00bb1_2&#8243; _builder_version=\u00bb4.20.0&#8243; _module_preset=\u00bbdefault\u00bb global_colors_info=\u00bb{}\u00bb][et_pb_text _builder_version=\u00bb4.24.0&#8243; _module_preset=\u00bb_initial\u00bb header_4_font=\u00bbLato|700||on|||||\u00bb header_4_text_color=\u00bb#eb595e\u00bb header_4_font_size=\u00bb14px\u00bb header_4_letter_spacing=\u00bb1px\u00bb header_4_line_height=\u00bb1.4em\u00bb custom_margin=\u00bb||0px||false|false\u00bb global_colors_info=\u00bb{}\u00bb]<\/p>\n<h4>INSTITUTO M\u00c9DICO PALME\u00d1O<\/h4>\n<p>[\/et_pb_text][et_pb_text _builder_version=\u00bb4.24.0&#8243; _module_preset=\u00bb_initial\u00bb header_font=\u00bbPlayfair Display|500|||||||\u00bb header_font_size=\u00bb70px\u00bb header_line_height=\u00bb1.2em\u00bb header_font_size_tablet=\u00bb40px\u00bb header_font_size_phone=\u00bb24px\u00bb header_font_size_last_edited=\u00bbon|desktop\u00bb global_colors_info=\u00bb{}\u00bb]<\/p>\n<h1>\u00a1Pide tu cita<\/h1>\n<h1>con nosotros!<\/h1>\n<p>[\/et_pb_text][\/et_pb_column][et_pb_column type=\u00bb1_2&#8243; _builder_version=\u00bb4.20.0&#8243; _module_preset=\u00bbdefault\u00bb global_colors_info=\u00bb{}\u00bb][et_pb_contact_form email=\u00bbbelenmartinezmedicinaestetica@gmail.com\u00bb _builder_version=\u00bb4.24.0&#8243; _module_preset=\u00bb_initial\u00bb _unique_id=\u00bb37352547-b97b-4413-85e2-b00056b20234&#8243; form_field_background_color=\u00bb#FFFFFF\u00bb form_field_text_color=\u00bb#3f4041&#8243; form_field_custom_padding=\u00bb12px|36px|12px|36px|true|true\u00bb form_field_font=\u00bbLato|700||on|||||\u00bb form_field_font_size=\u00bb14px\u00bb form_field_letter_spacing=\u00bb0.15em\u00bb form_field_line_height=\u00bb1.4em\u00bb custom_button=\u00bbon\u00bb button_text_size=\u00bb14px\u00bb button_text_color=\u00bb#FFFFFF\u00bb button_bg_color=\u00bbgcid-593669bf-7b77-45f1-89ce-cfe13309ccf8&#8243; button_border_width=\u00bb0px\u00bb button_border_radius=\u00bb0px\u00bb button_letter_spacing=\u00bb0.15em\u00bb button_font=\u00bbLato|700||on|||||\u00bb button_custom_padding=\u00bb12px|36px|12px|36px|true|true\u00bb hover_enabled=\u00bb0&#8243; border_width_all=\u00bb1px\u00bb border_color_all=\u00bb#3f4041&#8243; locked=\u00bboff\u00bb global_colors_info=\u00bb{%22gcid-593669bf-7b77-45f1-89ce-cfe13309ccf8%22:%91%22button_bg_color%22,%22border_color_all_fields%22,%22button_bg_color%22%93}\u00bb use_spam_service=\u00bbon\u00bb recaptcha_list=\u00bbDefault|Default-0&#8243; sticky_enabled=\u00bb0&#8243;][et_pb_contact_field field_id=\u00bbNOMBRE\u00bb field_title=\u00bbNOMBRE\u00bb fullwidth_field=\u00bbon\u00bb _builder_version=\u00bb4.24.0&#8243; _module_preset=\u00bbdefault\u00bb global_colors_info=\u00bb{}\u00bb button_text_size__hover_enabled=\u00bboff\u00bb button_one_text_size__hover_enabled=\u00bboff\u00bb button_two_text_size__hover_enabled=\u00bboff\u00bb button_text_color__hover_enabled=\u00bboff\u00bb button_one_text_color__hover_enabled=\u00bboff\u00bb button_two_text_color__hover_enabled=\u00bboff\u00bb button_border_width__hover_enabled=\u00bboff\u00bb button_one_border_width__hover_enabled=\u00bboff\u00bb button_two_border_width__hover_enabled=\u00bboff\u00bb button_border_color__hover_enabled=\u00bboff\u00bb button_one_border_color__hover_enabled=\u00bboff\u00bb button_two_border_color__hover_enabled=\u00bboff\u00bb button_border_radius__hover_enabled=\u00bboff\u00bb button_one_border_radius__hover_enabled=\u00bboff\u00bb button_two_border_radius__hover_enabled=\u00bboff\u00bb button_letter_spacing__hover_enabled=\u00bboff\u00bb button_one_letter_spacing__hover_enabled=\u00bboff\u00bb button_two_letter_spacing__hover_enabled=\u00bboff\u00bb button_bg_color__hover_enabled=\u00bboff\u00bb button_one_bg_color__hover_enabled=\u00bboff\u00bb button_two_bg_color__hover_enabled=\u00bboff\u00bb][\/et_pb_contact_field][et_pb_contact_field field_id=\u00bbEmail\u00bb field_title=\u00bbEmail\u00bb field_type=\u00bbemail\u00bb fullwidth_field=\u00bbon\u00bb _builder_version=\u00bb4.24.0&#8243; _module_preset=\u00bbdefault\u00bb global_colors_info=\u00bb{}\u00bb button_text_size__hover_enabled=\u00bboff\u00bb button_one_text_size__hover_enabled=\u00bboff\u00bb button_two_text_size__hover_enabled=\u00bboff\u00bb button_text_color__hover_enabled=\u00bboff\u00bb button_one_text_color__hover_enabled=\u00bboff\u00bb button_two_text_color__hover_enabled=\u00bboff\u00bb button_border_width__hover_enabled=\u00bboff\u00bb button_one_border_width__hover_enabled=\u00bboff\u00bb button_two_border_width__hover_enabled=\u00bboff\u00bb button_border_color__hover_enabled=\u00bboff\u00bb button_one_border_color__hover_enabled=\u00bboff\u00bb button_two_border_color__hover_enabled=\u00bboff\u00bb button_border_radius__hover_enabled=\u00bboff\u00bb button_one_border_radius__hover_enabled=\u00bboff\u00bb button_two_border_radius__hover_enabled=\u00bboff\u00bb button_letter_spacing__hover_enabled=\u00bboff\u00bb button_one_letter_spacing__hover_enabled=\u00bboff\u00bb button_two_letter_spacing__hover_enabled=\u00bboff\u00bb button_bg_color__hover_enabled=\u00bboff\u00bb button_one_bg_color__hover_enabled=\u00bboff\u00bb button_two_bg_color__hover_enabled=\u00bboff\u00bb][\/et_pb_contact_field][et_pb_contact_field field_id=\u00bbMensaje\u00bb field_title=\u00bbMensaje\u00bb field_type=\u00bbtext\u00bb fullwidth_field=\u00bbon\u00bb _builder_version=\u00bb4.24.0&#8243; _module_preset=\u00bbdefault\u00bb global_colors_info=\u00bb{}\u00bb button_text_size__hover_enabled=\u00bboff\u00bb button_one_text_size__hover_enabled=\u00bboff\u00bb button_two_text_size__hover_enabled=\u00bboff\u00bb button_text_color__hover_enabled=\u00bboff\u00bb button_one_text_color__hover_enabled=\u00bboff\u00bb button_two_text_color__hover_enabled=\u00bboff\u00bb button_border_width__hover_enabled=\u00bboff\u00bb button_one_border_width__hover_enabled=\u00bboff\u00bb button_two_border_width__hover_enabled=\u00bboff\u00bb button_border_color__hover_enabled=\u00bboff\u00bb button_one_border_color__hover_enabled=\u00bboff\u00bb button_two_border_color__hover_enabled=\u00bboff\u00bb button_border_radius__hover_enabled=\u00bboff\u00bb button_one_border_radius__hover_enabled=\u00bboff\u00bb button_two_border_radius__hover_enabled=\u00bboff\u00bb button_letter_spacing__hover_enabled=\u00bboff\u00bb button_one_letter_spacing__hover_enabled=\u00bboff\u00bb button_two_letter_spacing__hover_enabled=\u00bboff\u00bb button_bg_color__hover_enabled=\u00bboff\u00bb button_one_bg_color__hover_enabled=\u00bboff\u00bb button_two_bg_color__hover_enabled=\u00bboff\u00bb][\/et_pb_contact_field][\/et_pb_contact_form][\/et_pb_column][\/et_pb_row][\/et_pb_section][et_pb_section fb_built=\u00bb1&#8243; admin_label=\u00bbContact Info\u00bb _builder_version=\u00bb4.24.0&#8243; _module_preset=\u00bbdefault\u00bb background_color=\u00bb#FFFFFF\u00bb background_image=\u00bbhttps:\/\/medicinaestetica.xn--institutomedicopalmeo-vbc.com\/wp-content\/uploads\/2024\/01\/beauty-esthetician-38.png\u00bb background_size=\u00bbinitial\u00bb background_position=\u00bbbottom_center\u00bb background_last_edited=\u00bbon|tablet\u00bb background_size_tablet=\u00bbcontain\u00bb collapsed=\u00bbon\u00bb global_colors_info=\u00bb{}\u00bb][et_pb_row column_structure=\u00bb1_3,1_3,1_3&#8243; use_custom_gutter=\u00bbon\u00bb gutter_width=\u00bb1&#8243; make_equal=\u00bbon\u00bb _builder_version=\u00bb4.24.0&#8243; _module_preset=\u00bbdefault\u00bb background_color=\u00bb#FFFFFF\u00bb z_index=\u00bb9&#8243; custom_padding=\u00bb0px||0px||true|false\u00bb border_width_all=\u00bb1px\u00bb border_color_all=\u00bbgcid-97182601-61ab-4626-954a-29b0757ae92a\u00bb locked=\u00bboff\u00bb global_colors_info=\u00bb{%22gcid-97182601-61ab-4626-954a-29b0757ae92a%22:%91%22border_color_all%22%93}\u00bb][et_pb_column type=\u00bb1_3&#8243; _builder_version=\u00bb4.20.0&#8243; _module_preset=\u00bbdefault\u00bb custom_padding=\u00bb60px|30px|60px|30px|true|true\u00bb custom_padding_tablet=\u00bb30px|30px|30px|30px|true|true\u00bb custom_padding_phone=\u00bb20px|20px|20px|20px|true|true\u00bb custom_padding_last_edited=\u00bbon|tablet\u00bb global_colors_info=\u00bb{}\u00bb][et_pb_icon font_icon=\u00bb&#xe090;||divi||400&#8243; icon_width=\u00bb48px\u00bb _builder_version=\u00bb4.24.0&#8243; _module_preset=\u00bb_initial\u00bb custom_margin=\u00bb||10px||false|false\u00bb global_colors_info=\u00bb{}\u00bb][\/et_pb_icon][et_pb_text _builder_version=\u00bb4.24.0&#8243; _module_preset=\u00bb_initial\u00bb header_4_font=\u00bbPlayfair Display|500|||||||\u00bb header_4_text_color=\u00bbgcid-97182601-61ab-4626-954a-29b0757ae92a\u00bb header_4_font_size=\u00bb19px\u00bb header_4_line_height=\u00bb1.4em\u00bb text_orientation=\u00bbcenter\u00bb custom_margin=\u00bb||10px||false|false\u00bb header_4_font_size_tablet=\u00bb16px\u00bb header_4_font_size_phone=\u00bb15px\u00bb header_4_font_size_last_edited=\u00bbon|desktop\u00bb global_colors_info=\u00bb{%22gcid-97182601-61ab-4626-954a-29b0757ae92a%22:%91%22header_4_text_color%22%93}\u00bb]<\/p>\n<h4>Tel\u00e9fono<\/h4>\n<p>[\/et_pb_text][et_pb_text _builder_version=\u00bb4.24.0&#8243; _module_preset=\u00bb_initial\u00bb text_font=\u00bbLato||||||||\u00bb text_text_color=\u00bbgcid-593669bf-7b77-45f1-89ce-cfe13309ccf8&#8243; text_line_height=\u00bb1.6em\u00bb link_text_color=\u00bbgcid-593669bf-7b77-45f1-89ce-cfe13309ccf8&#8243; text_orientation=\u00bbcenter\u00bb global_colors_info=\u00bb{%22gcid-593669bf-7b77-45f1-89ce-cfe13309ccf8%22:%91%22text_text_color%22,%22link_text_color%22%93}\u00bb]<\/p>\n<p>957 053 353<\/p>\n<p>[\/et_pb_text][\/et_pb_column][et_pb_column type=\u00bb1_3&#8243; _builder_version=\u00bb4.20.0&#8243; _module_preset=\u00bbdefault\u00bb custom_padding=\u00bb60px|30px|60px|30px|true|true\u00bb custom_padding_tablet=\u00bb30px|30px|30px|30px|true|true\u00bb custom_padding_phone=\u00bb20px|20px|20px|20px|true|true\u00bb custom_padding_last_edited=\u00bbon|tablet\u00bb border_color_all=\u00bbgcid-97182601-61ab-4626-954a-29b0757ae92a\u00bb border_width_right=\u00bb1px\u00bb border_width_left=\u00bb1px\u00bb border_width_top_tablet=\u00bb1px\u00bb border_width_top_phone=\u00bb1px\u00bb border_width_top_last_edited=\u00bbon|tablet\u00bb border_width_right_tablet=\u00bb0px\u00bb border_width_right_phone=\u00bb0px\u00bb border_width_right_last_edited=\u00bbon|tablet\u00bb border_width_bottom_tablet=\u00bb1px\u00bb border_width_bottom_phone=\u00bb1px\u00bb border_width_bottom_last_edited=\u00bbon|tablet\u00bb border_width_left_tablet=\u00bb0px\u00bb border_width_left_phone=\u00bb0px\u00bb border_width_left_last_edited=\u00bbon|tablet\u00bb global_colors_info=\u00bb{%22gcid-97182601-61ab-4626-954a-29b0757ae92a%22:%91%22border_color_all%22%93}\u00bb][et_pb_icon font_icon=\u00bb&#xe076;||divi||400&#8243; icon_width=\u00bb48px\u00bb _builder_version=\u00bb4.24.0&#8243; _module_preset=\u00bb_initial\u00bb custom_margin=\u00bb||10px||false|false\u00bb locked=\u00bboff\u00bb global_colors_info=\u00bb{}\u00bb][\/et_pb_icon][et_pb_text _builder_version=\u00bb4.20.0&#8243; _module_preset=\u00bb_initial\u00bb header_4_font=\u00bbPlayfair Display|500|||||||\u00bb header_4_text_color=\u00bbgcid-97182601-61ab-4626-954a-29b0757ae92a\u00bb header_4_font_size=\u00bb19px\u00bb header_4_line_height=\u00bb1.4em\u00bb text_orientation=\u00bbcenter\u00bb custom_margin=\u00bb||10px||false|false\u00bb header_4_font_size_tablet=\u00bb16px\u00bb header_4_font_size_phone=\u00bb15px\u00bb header_4_font_size_last_edited=\u00bbon|desktop\u00bb locked=\u00bboff\u00bb global_colors_info=\u00bb{%22gcid-97182601-61ab-4626-954a-29b0757ae92a%22:%91%22header_4_text_color%22%93}\u00bb]<\/p>\n<h4>Email<\/h4>\n<p>[\/et_pb_text][et_pb_text _builder_version=\u00bb4.24.0&#8243; _module_preset=\u00bb_initial\u00bb text_font=\u00bbLato||||||||\u00bb text_text_color=\u00bbgcid-593669bf-7b77-45f1-89ce-cfe13309ccf8&#8243; text_line_height=\u00bb1.6em\u00bb link_text_color=\u00bbgcid-593669bf-7b77-45f1-89ce-cfe13309ccf8&#8243; text_orientation=\u00bbcenter\u00bb locked=\u00bboff\u00bb global_colors_info=\u00bb{%22gcid-593669bf-7b77-45f1-89ce-cfe13309ccf8%22:%91%22text_text_color%22,%22link_text_color%22%93}\u00bb]<\/p>\n<p>belenmartinezmedicinaestetica@gmail.com<\/p>\n<p>[\/et_pb_text][\/et_pb_column][et_pb_column type=\u00bb1_3&#8243; _builder_version=\u00bb4.20.0&#8243; _module_preset=\u00bbdefault\u00bb custom_padding=\u00bb60px|30px|60px|30px|true|true\u00bb custom_padding_tablet=\u00bb30px|30px|30px|30px|true|true\u00bb custom_padding_phone=\u00bb20px|20px|20px|20px|true|true\u00bb custom_padding_last_edited=\u00bbon|tablet\u00bb global_colors_info=\u00bb{}\u00bb][et_pb_icon font_icon=\u00bb&#xf3c5;||fa||900&#8243; icon_width=\u00bb48px\u00bb _builder_version=\u00bb4.24.0&#8243; _module_preset=\u00bb_initial\u00bb custom_margin=\u00bb||10px||false|false\u00bb locked=\u00bboff\u00bb global_colors_info=\u00bb{}\u00bb][\/et_pb_icon][et_pb_text _builder_version=\u00bb4.24.0&#8243; _module_preset=\u00bb_initial\u00bb header_4_font=\u00bbPlayfair Display|500|||||||\u00bb header_4_text_color=\u00bbgcid-97182601-61ab-4626-954a-29b0757ae92a\u00bb header_4_font_size=\u00bb19px\u00bb header_4_line_height=\u00bb1.4em\u00bb text_orientation=\u00bbcenter\u00bb custom_margin=\u00bb||10px||false|false\u00bb header_4_font_size_tablet=\u00bb16px\u00bb header_4_font_size_phone=\u00bb15px\u00bb header_4_font_size_last_edited=\u00bbon|desktop\u00bb locked=\u00bboff\u00bb global_colors_info=\u00bb{%22gcid-97182601-61ab-4626-954a-29b0757ae92a%22:%91%22header_4_text_color%22%93}\u00bb]<\/p>\n<h4>Localizaci\u00f3n<\/h4>\n<p>[\/et_pb_text][et_pb_text _builder_version=\u00bb4.24.0&#8243; _module_preset=\u00bb_initial\u00bb text_font=\u00bbLato||||||||\u00bb text_text_color=\u00bbgcid-593669bf-7b77-45f1-89ce-cfe13309ccf8&#8243; text_line_height=\u00bb1.6em\u00bb link_text_color=\u00bbgcid-593669bf-7b77-45f1-89ce-cfe13309ccf8&#8243; text_orientation=\u00bbcenter\u00bb locked=\u00bboff\u00bb global_colors_info=\u00bb{%22gcid-593669bf-7b77-45f1-89ce-cfe13309ccf8%22:%91%22text_text_color%22,%22link_text_color%22%93}\u00bb]<\/p>\n<p>Av. Mar\u00eda Auxiliadora, 33. Palma del R\u00edo (C\u00f3rdoba).\u00a0<\/p>\n<p>[\/et_pb_text][\/et_pb_column][\/et_pb_row][\/et_pb_section]<\/p>\n","protected":false},"excerpt":{"rendered":"<p>INSTITUTO M\u00c9DICO PALME\u00d1O\u00a1Pide tu cita con nosotros!Tel\u00e9fono957 053 353Emailbelenmartinezmedicinaestetica@gmail.comLocalizaci\u00f3nAv. Mar\u00eda Auxiliadora, 33. Palma del R\u00edo (C\u00f3rdoba).\u00a0<\/p>\n","protected":false},"author":1,"featured_media":0,"parent":0,"menu_order":0,"comment_status":"closed","ping_status":"closed","template":"","meta":{"_et_pb_use_builder":"on","_et_pb_old_content":"","_et_gb_content_width":"","footnotes":""},"class_list":["post-267","page","type-page","status-publish","hentry"],"_links":{"self":[{"href":"https:\/\/medicinaestetica.xn--institutomedicopalmeo-vbc.com\/index.php\/wp-json\/wp\/v2\/pages\/267","targetHints":{"allow":["GET"]}}],"collection":[{"href":"https:\/\/medicinaestetica.xn--institutomedicopalmeo-vbc.com\/index.php\/wp-json\/wp\/v2\/pages"}],"about":[{"href":"https:\/\/medicinaestetica.xn--institutomedicopalmeo-vbc.com\/index.php\/wp-json\/wp\/v2\/types\/page"}],"author":[{"embeddable":true,"href":"https:\/\/medicinaestetica.xn--institutomedicopalmeo-vbc.com\/index.php\/wp-json\/wp\/v2\/users\/1"}],"replies":[{"embeddable":true,"href":"https:\/\/medicinaestetica.xn--institutomedicopalmeo-vbc.com\/index.php\/wp-json\/wp\/v2\/comments?post=267"}],"version-history":[{"count":7,"href":"https:\/\/medicinaestetica.xn--institutomedicopalmeo-vbc.com\/index.php\/wp-json\/wp\/v2\/pages\/267\/revisions"}],"predecessor-version":[{"id":482,"href":"https:\/\/medicinaestetica.xn--institutomedicopalmeo-vbc.com\/index.php\/wp-json\/wp\/v2\/pages\/267\/revisions\/482"}],"wp:attachment":[{"href":"https:\/\/medicinaestetica.xn--institutomedicopalmeo-vbc.com\/index.php\/wp-json\/wp\/v2\/media?parent=267"}],"curies":[{"name":"wp","href":"https:\/\/api.w.org\/{rel}","templated":true}]}}