{"id":353,"date":"2024-02-15T16:52:43","date_gmt":"2024-02-15T16:52:43","guid":{"rendered":"https:\/\/medicinaestetica.xn--institutomedicopalmeo-vbc.com\/?post_type=product&#038;p=353"},"modified":"2024-02-15T17:06:50","modified_gmt":"2024-02-15T17:06:50","slug":"c-defense-md-cskin-bright-mousturizing","status":"publish","type":"product","link":"https:\/\/medicinaestetica.xn--institutomedicopalmeo-vbc.com\/index.php\/producto\/c-defense-md-cskin-bright-mousturizing\/","title":{"rendered":"C-DEFENSE MD C+SKIN BRIGHT MOUSTURIZING"},"content":{"rendered":"","protected":false},"excerpt":{"rendered":"<p>Tratamiento y prevenci\u00f3n de pieles cansadas, apagadas, cetrinas y faltas de brillo. Aporta luminosidad y vitalidad a la piel, proporcion\u00e1ndole, de manera inmediata, un aspecto radiante y saludable. Crema ligera, suave y de r\u00e1pida absorci\u00f3n.\u00a0La vitamina C (ascorbil gluc\u00f3sido) junto con el\u00a0complejo clarificante (formado por distintos\u00a0extractos naturales, como el extracto de regaliz y\u00a0de morera) interfieren en la s\u00edntesis de melanina,<br \/>\nevitando y aclarando pigmentaciones no deseadas.El p\u00e9ptido antiarrugas y la vitamina C favorecen la\u00a0s\u00edntesis de col\u00e1geno, disminuyendo arrugas e<br \/>\nincrementando la firmeza, tersura y elasticidad de\u00a0la piel.<\/p>\n<p>Los pigmentos naranjas aportan brillo y reflejos a\u00a0la piel, dot\u00e1ndola de un aspecto m\u00e1s saludable y<br \/>\nde una mayor luminosidad.<\/p>\n","protected":false},"featured_media":345,"template":"","meta":{"_et_pb_use_builder":"on","_et_pb_old_content":"","_et_gb_content_width":""},"product_cat":[23],"product_tag":[],"class_list":{"0":"post-353","1":"product","2":"type-product","3":"status-publish","4":"has-post-thumbnail","6":"product_cat-linea-c-defense-md","8":"first","9":"instock","10":"virtual","11":"product-type-simple"},"_links":{"self":[{"href":"https:\/\/medicinaestetica.xn--institutomedicopalmeo-vbc.com\/index.php\/wp-json\/wp\/v2\/product\/353","targetHints":{"allow":["GET"]}}],"collection":[{"href":"https:\/\/medicinaestetica.xn--institutomedicopalmeo-vbc.com\/index.php\/wp-json\/wp\/v2\/product"}],"about":[{"href":"https:\/\/medicinaestetica.xn--institutomedicopalmeo-vbc.com\/index.php\/wp-json\/wp\/v2\/types\/product"}],"wp:featuredmedia":[{"embeddable":true,"href":"https:\/\/medicinaestetica.xn--institutomedicopalmeo-vbc.com\/index.php\/wp-json\/wp\/v2\/media\/345"}],"wp:attachment":[{"href":"https:\/\/medicinaestetica.xn--institutomedicopalmeo-vbc.com\/index.php\/wp-json\/wp\/v2\/media?parent=353"}],"wp:term":[{"taxonomy":"product_cat","embeddable":true,"href":"https:\/\/medicinaestetica.xn--institutomedicopalmeo-vbc.com\/index.php\/wp-json\/wp\/v2\/product_cat?post=353"},{"taxonomy":"product_tag","embeddable":true,"href":"https:\/\/medicinaestetica.xn--institutomedicopalmeo-vbc.com\/index.php\/wp-json\/wp\/v2\/product_tag?post=353"}],"curies":[{"name":"wp","href":"https:\/\/api.w.org\/{rel}","templated":true}]}}