{"id":357,"date":"2024-02-15T17:02:51","date_gmt":"2024-02-15T17:02:51","guid":{"rendered":"https:\/\/medicinaestetica.xn--institutomedicopalmeo-vbc.com\/?post_type=product&#038;p=357"},"modified":"2024-02-15T17:07:01","modified_gmt":"2024-02-15T17:07:01","slug":"c-defense-md-c-skin-concentrate","status":"publish","type":"product","link":"https:\/\/medicinaestetica.xn--institutomedicopalmeo-vbc.com\/index.php\/producto\/c-defense-md-c-skin-concentrate\/","title":{"rendered":"C-DEFENSE MD C-SKIN Concentrate"},"content":{"rendered":"","protected":false},"excerpt":{"rendered":"<p>Tratamiento intensivo de choque que utiliza una\u00a0tecnolog\u00eda innovadora, la nanotecnolog\u00eda, con la que\u00a0se consigue transportar los activos, encapsulados en\u00a0nanosomas, a las capas m\u00e1s profundas de la piel y\u00a0potenciar sus efectos.<\/p>\n<p>Gracias a su composici\u00f3n, Liposomal serum revitalizante es capaz de contrarrestar los efectos da\u00f1inos de los radicales libres as\u00ed como de reparar los da\u00f1os causados. Su acci\u00f3n protectora se debe a la acci\u00f3n conjunta de sus activos que potencian las defensas naturales de la piel, corrigen los da\u00f1os visibles sufridos (arrugas, deshidrataci\u00f3n, perdida de luminosidad y tonicidad) y la protegen frente a las agresiones futuras.<\/p>\n","protected":false},"featured_media":358,"template":"","meta":{"_et_pb_use_builder":"","_et_pb_old_content":"","_et_gb_content_width":""},"product_cat":[23],"product_tag":[],"class_list":{"0":"post-357","1":"product","2":"type-product","3":"status-publish","4":"has-post-thumbnail","6":"product_cat-linea-c-defense-md","8":"first","9":"instock","10":"shipping-taxable","11":"product-type-simple"},"_links":{"self":[{"href":"https:\/\/medicinaestetica.xn--institutomedicopalmeo-vbc.com\/index.php\/wp-json\/wp\/v2\/product\/357","targetHints":{"allow":["GET"]}}],"collection":[{"href":"https:\/\/medicinaestetica.xn--institutomedicopalmeo-vbc.com\/index.php\/wp-json\/wp\/v2\/product"}],"about":[{"href":"https:\/\/medicinaestetica.xn--institutomedicopalmeo-vbc.com\/index.php\/wp-json\/wp\/v2\/types\/product"}],"wp:featuredmedia":[{"embeddable":true,"href":"https:\/\/medicinaestetica.xn--institutomedicopalmeo-vbc.com\/index.php\/wp-json\/wp\/v2\/media\/358"}],"wp:attachment":[{"href":"https:\/\/medicinaestetica.xn--institutomedicopalmeo-vbc.com\/index.php\/wp-json\/wp\/v2\/media?parent=357"}],"wp:term":[{"taxonomy":"product_cat","embeddable":true,"href":"https:\/\/medicinaestetica.xn--institutomedicopalmeo-vbc.com\/index.php\/wp-json\/wp\/v2\/product_cat?post=357"},{"taxonomy":"product_tag","embeddable":true,"href":"https:\/\/medicinaestetica.xn--institutomedicopalmeo-vbc.com\/index.php\/wp-json\/wp\/v2\/product_tag?post=357"}],"curies":[{"name":"wp","href":"https:\/\/api.w.org\/{rel}","templated":true}]}}