{"id":363,"date":"2024-02-15T17:33:24","date_gmt":"2024-02-15T17:33:24","guid":{"rendered":"https:\/\/medicinaestetica.xn--institutomedicopalmeo-vbc.com\/?post_type=product&#038;p=363"},"modified":"2024-02-15T17:33:24","modified_gmt":"2024-02-15T17:33:24","slug":"hylanses-md-cleanser-mousse-dayli-care","status":"publish","type":"product","link":"https:\/\/medicinaestetica.xn--institutomedicopalmeo-vbc.com\/index.php\/producto\/hylanses-md-cleanser-mousse-dayli-care\/","title":{"rendered":"HYLANSES MD CLEANSER MOUSSE Dayli Care"},"content":{"rendered":"","protected":false},"excerpt":{"rendered":"<p>Crema espumosa sin jab\u00f3n de alta tolerancia para\u00a0la limpieza diaria de todo tipo de pieles.<\/p>\n<p>Esta l\u00ednea de productos destinada a la limpieza facial diaria, est\u00e1 recomendada en todo tipo de pieles, incluso las m\u00e1s sensibles e irritables.<\/p>\n<p>Adem\u00e1s de los extractos de plantas, incorpora triclos\u00e1n, un activo con propiedades antibacterianas muy \u00fatil para una limpieza en profundidad de todo tipo de pieles, sobre todo para las pieles con tendencia acn\u00e9ica.<\/p>\n","protected":false},"featured_media":364,"template":"","meta":{"_et_pb_use_builder":"","_et_pb_old_content":"","_et_gb_content_width":""},"product_cat":[24],"product_tag":[],"class_list":{"0":"post-363","1":"product","2":"type-product","3":"status-publish","4":"has-post-thumbnail","6":"product_cat-linea-hylanses-md","8":"first","9":"instock","10":"shipping-taxable","11":"product-type-simple"},"_links":{"self":[{"href":"https:\/\/medicinaestetica.xn--institutomedicopalmeo-vbc.com\/index.php\/wp-json\/wp\/v2\/product\/363","targetHints":{"allow":["GET"]}}],"collection":[{"href":"https:\/\/medicinaestetica.xn--institutomedicopalmeo-vbc.com\/index.php\/wp-json\/wp\/v2\/product"}],"about":[{"href":"https:\/\/medicinaestetica.xn--institutomedicopalmeo-vbc.com\/index.php\/wp-json\/wp\/v2\/types\/product"}],"wp:featuredmedia":[{"embeddable":true,"href":"https:\/\/medicinaestetica.xn--institutomedicopalmeo-vbc.com\/index.php\/wp-json\/wp\/v2\/media\/364"}],"wp:attachment":[{"href":"https:\/\/medicinaestetica.xn--institutomedicopalmeo-vbc.com\/index.php\/wp-json\/wp\/v2\/media?parent=363"}],"wp:term":[{"taxonomy":"product_cat","embeddable":true,"href":"https:\/\/medicinaestetica.xn--institutomedicopalmeo-vbc.com\/index.php\/wp-json\/wp\/v2\/product_cat?post=363"},{"taxonomy":"product_tag","embeddable":true,"href":"https:\/\/medicinaestetica.xn--institutomedicopalmeo-vbc.com\/index.php\/wp-json\/wp\/v2\/product_tag?post=363"}],"curies":[{"name":"wp","href":"https:\/\/api.w.org\/{rel}","templated":true}]}}