{"id":367,"date":"2024-02-15T17:35:12","date_gmt":"2024-02-15T17:35:12","guid":{"rendered":"https:\/\/medicinaestetica.xn--institutomedicopalmeo-vbc.com\/?post_type=product&#038;p=367"},"modified":"2024-02-15T17:35:12","modified_gmt":"2024-02-15T17:35:12","slug":"hylanses-md-ha-advance-concentrate-30ml","status":"publish","type":"product","link":"https:\/\/medicinaestetica.xn--institutomedicopalmeo-vbc.com\/index.php\/producto\/hylanses-md-ha-advance-concentrate-30ml\/","title":{"rendered":"HYLANSES MD HA ADVANCE CONCENTRATE 30ML"},"content":{"rendered":"","protected":false},"excerpt":{"rendered":"<p>Tratamiento intensivo de choque que utiliza una\u00a0tecnolog\u00eda innovadora, la nanotecnolog\u00eda, con la\u00a0que se consigue transportar los activos,\u00a0encapsulados en nanosomas, a las capas m\u00e1s\u00a0profundas de la piel y potenciar sus efectos.<\/p>\n<p>Tecnolog\u00eda hidratante multicapa: incorpora tres tama\u00f1os de \u00e1cido hialur\u00f3nico (alto, bajo y muy bajo peso\u00a0molecular) para que alcance todas las capas de la piel.<\/p>\n<p>\u00c1cido hialur\u00f3nico de alto peso molecular: hidrataci\u00f3n visible e instant\u00e1nea. Efecto film\u00f3geno, formando\u00a0una pel\u00edcula superficial protectora sobre la piel.<\/p>\n<p>\u00c1cido hialur\u00f3nico de bajo y muy bajo peso molecular encapsulado en liposomas: hidrataci\u00f3n en\u00a0profundidad. Elasticidad y firmeza a la piel. Incrementa el volumen de la dermis produciendo un \u201cefecto\u00a0relleno\u201d que suaviza las arrugas y l\u00edneas de expresi\u00f3n.<\/p>\n<p>Esta l\u00ednea de productos posee en su composici\u00f3n \u00e1cido hialur\u00f3nico de alto y bajo peso molecular. El \u00e1cido hialur\u00f3nico es una mol\u00e9cula de gran tama\u00f1o, capaz de retener y absorber agua hasta 1.000 veces su peso, siendo un componente esencial del tejido de sost\u00e9n de la piel, la dermis.<\/p>\n","protected":false},"featured_media":368,"template":"","meta":{"_et_pb_use_builder":"","_et_pb_old_content":"","_et_gb_content_width":""},"product_cat":[24],"product_tag":[],"class_list":{"0":"post-367","1":"product","2":"type-product","3":"status-publish","4":"has-post-thumbnail","6":"product_cat-linea-hylanses-md","8":"first","9":"instock","10":"shipping-taxable","11":"product-type-simple"},"_links":{"self":[{"href":"https:\/\/medicinaestetica.xn--institutomedicopalmeo-vbc.com\/index.php\/wp-json\/wp\/v2\/product\/367","targetHints":{"allow":["GET"]}}],"collection":[{"href":"https:\/\/medicinaestetica.xn--institutomedicopalmeo-vbc.com\/index.php\/wp-json\/wp\/v2\/product"}],"about":[{"href":"https:\/\/medicinaestetica.xn--institutomedicopalmeo-vbc.com\/index.php\/wp-json\/wp\/v2\/types\/product"}],"wp:featuredmedia":[{"embeddable":true,"href":"https:\/\/medicinaestetica.xn--institutomedicopalmeo-vbc.com\/index.php\/wp-json\/wp\/v2\/media\/368"}],"wp:attachment":[{"href":"https:\/\/medicinaestetica.xn--institutomedicopalmeo-vbc.com\/index.php\/wp-json\/wp\/v2\/media?parent=367"}],"wp:term":[{"taxonomy":"product_cat","embeddable":true,"href":"https:\/\/medicinaestetica.xn--institutomedicopalmeo-vbc.com\/index.php\/wp-json\/wp\/v2\/product_cat?post=367"},{"taxonomy":"product_tag","embeddable":true,"href":"https:\/\/medicinaestetica.xn--institutomedicopalmeo-vbc.com\/index.php\/wp-json\/wp\/v2\/product_tag?post=367"}],"curies":[{"name":"wp","href":"https:\/\/api.w.org\/{rel}","templated":true}]}}