{"id":369,"date":"2024-02-15T17:36:14","date_gmt":"2024-02-15T17:36:14","guid":{"rendered":"https:\/\/medicinaestetica.xn--institutomedicopalmeo-vbc.com\/?post_type=product&#038;p=369"},"modified":"2024-02-15T17:36:15","modified_gmt":"2024-02-15T17:36:15","slug":"sens-age-ultracorrector-3-a-renewer","status":"publish","type":"product","link":"https:\/\/medicinaestetica.xn--institutomedicopalmeo-vbc.com\/index.php\/producto\/sens-age-ultracorrector-3-a-renewer\/","title":{"rendered":"SENS-AGE ULTRACORRECTOR 3 A RENEWER"},"content":{"rendered":"","protected":false},"excerpt":{"rendered":"<p>Potente acci\u00f3n antienvejecimiento y excelente tolerancia gracias a su Sistema 3-Retinol de liberaci\u00f3n sostenida. Pieles secas.<\/p>\n<p>Los retinoides estimulan la proliferaci\u00f3n de los queratinocitos, normalizan el proceso de exfoliaci\u00f3n, mejoran la textura y tono de la piel. La combinaci\u00f3n con otros activos como el \u00e1cido hialur\u00f3nico hidrolizado o el factor de crecimiento TGF- 2 potencian sus efectos al tiempo que mejoran su tolerancia.<\/p>\n<p>Las 3 mol\u00e9culas que componente el sistema 3-retinol tienen diferentes velocidades de actuaci\u00f3n y consiguen aportar una dosis \u00f3ptima gradual del activo. De esta manera se alcanzan niveles terap\u00e9uticos de vitamina A durante un tiempo prolongado y se reducen los efectos secundarios asociados al exceso del activo.<\/p>\n","protected":false},"featured_media":370,"template":"","meta":{"_et_pb_use_builder":"","_et_pb_old_content":"","_et_gb_content_width":""},"product_cat":[25],"product_tag":[],"class_list":{"0":"post-369","1":"product","2":"type-product","3":"status-publish","4":"has-post-thumbnail","6":"product_cat-linea-sens-age-md","8":"first","9":"instock","10":"shipping-taxable","11":"product-type-simple"},"_links":{"self":[{"href":"https:\/\/medicinaestetica.xn--institutomedicopalmeo-vbc.com\/index.php\/wp-json\/wp\/v2\/product\/369","targetHints":{"allow":["GET"]}}],"collection":[{"href":"https:\/\/medicinaestetica.xn--institutomedicopalmeo-vbc.com\/index.php\/wp-json\/wp\/v2\/product"}],"about":[{"href":"https:\/\/medicinaestetica.xn--institutomedicopalmeo-vbc.com\/index.php\/wp-json\/wp\/v2\/types\/product"}],"wp:featuredmedia":[{"embeddable":true,"href":"https:\/\/medicinaestetica.xn--institutomedicopalmeo-vbc.com\/index.php\/wp-json\/wp\/v2\/media\/370"}],"wp:attachment":[{"href":"https:\/\/medicinaestetica.xn--institutomedicopalmeo-vbc.com\/index.php\/wp-json\/wp\/v2\/media?parent=369"}],"wp:term":[{"taxonomy":"product_cat","embeddable":true,"href":"https:\/\/medicinaestetica.xn--institutomedicopalmeo-vbc.com\/index.php\/wp-json\/wp\/v2\/product_cat?post=369"},{"taxonomy":"product_tag","embeddable":true,"href":"https:\/\/medicinaestetica.xn--institutomedicopalmeo-vbc.com\/index.php\/wp-json\/wp\/v2\/product_tag?post=369"}],"curies":[{"name":"wp","href":"https:\/\/api.w.org\/{rel}","templated":true}]}}