{"id":384,"date":"2024-02-15T17:53:05","date_gmt":"2024-02-15T17:53:05","guid":{"rendered":"https:\/\/medicinaestetica.xn--institutomedicopalmeo-vbc.com\/?post_type=product&#038;p=384"},"modified":"2024-02-15T17:53:05","modified_gmt":"2024-02-15T17:53:05","slug":"puryfing-control-pure-a-intensive","status":"publish","type":"product","link":"https:\/\/medicinaestetica.xn--institutomedicopalmeo-vbc.com\/index.php\/producto\/puryfing-control-pure-a-intensive\/","title":{"rendered":"PURYFING CONTROL PURE-A INTENSIVE"},"content":{"rendered":"","protected":false},"excerpt":{"rendered":"<p>Tratamiento intensivo de noche que utiliza una tecnolog\u00eda innovadora, la nanotecnolog\u00eda, con la que se consigue transportar los activos, encapsulados en nanosomas y potenciar sus efectos en el acn\u00e9. \u00a1PAplicar por la noche.<\/p>\n<p>Gracias a su composici\u00f3n liposomada, el Gel seborregulador intensivo, act\u00faa directamente sobre el fol\u00edculo piloseb\u00e1ceo reduciendo eficazmente todos los signos del acn\u00e9.<\/p>\n<p>El retinol ejerce una funci\u00f3n exfoliante, desobstruyendo el poro y facilitando la eliminaci\u00f3n de grasa retenida.<\/p>\n<p>Tambi\u00e9n disminuye las marcas de acn\u00e9 al estimular la s\u00edntesis de col\u00e1geno y elastina.<\/p>\n<p>El \u00e1cido glicirret\u00ednico permite una acci\u00f3n calmante y descongestiva.El \u00e1cido hialur\u00f3nico hidrata en profundidad y refuerza la actividad antienvejecimiento. L\u00ednea de productos espec\u00edficos a base de activos purificantes y exfoliantes, indica para prevenir y reducir las lesiones de acn\u00e9, regular la secreci\u00f3n seb\u00e1cea y eliminar las impurezas de la piel. Consigue una piel matificada y homog\u00e9nea, reduciendo eficazmente las manifestaciones del acn\u00e9.<\/p>\n","protected":false},"featured_media":385,"template":"","meta":{"_et_pb_use_builder":"","_et_pb_old_content":"","_et_gb_content_width":""},"product_cat":[27],"product_tag":[],"class_list":{"0":"post-384","1":"product","2":"type-product","3":"status-publish","4":"has-post-thumbnail","6":"product_cat-linea-puryfing-control","8":"first","9":"instock","10":"shipping-taxable","11":"product-type-simple"},"_links":{"self":[{"href":"https:\/\/medicinaestetica.xn--institutomedicopalmeo-vbc.com\/index.php\/wp-json\/wp\/v2\/product\/384","targetHints":{"allow":["GET"]}}],"collection":[{"href":"https:\/\/medicinaestetica.xn--institutomedicopalmeo-vbc.com\/index.php\/wp-json\/wp\/v2\/product"}],"about":[{"href":"https:\/\/medicinaestetica.xn--institutomedicopalmeo-vbc.com\/index.php\/wp-json\/wp\/v2\/types\/product"}],"wp:featuredmedia":[{"embeddable":true,"href":"https:\/\/medicinaestetica.xn--institutomedicopalmeo-vbc.com\/index.php\/wp-json\/wp\/v2\/media\/385"}],"wp:attachment":[{"href":"https:\/\/medicinaestetica.xn--institutomedicopalmeo-vbc.com\/index.php\/wp-json\/wp\/v2\/media?parent=384"}],"wp:term":[{"taxonomy":"product_cat","embeddable":true,"href":"https:\/\/medicinaestetica.xn--institutomedicopalmeo-vbc.com\/index.php\/wp-json\/wp\/v2\/product_cat?post=384"},{"taxonomy":"product_tag","embeddable":true,"href":"https:\/\/medicinaestetica.xn--institutomedicopalmeo-vbc.com\/index.php\/wp-json\/wp\/v2\/product_tag?post=384"}],"curies":[{"name":"wp","href":"https:\/\/api.w.org\/{rel}","templated":true}]}}