{"id":386,"date":"2024-02-15T18:01:30","date_gmt":"2024-02-15T18:01:30","guid":{"rendered":"https:\/\/medicinaestetica.xn--institutomedicopalmeo-vbc.com\/?post_type=product&#038;p=386"},"modified":"2024-02-15T18:01:43","modified_gmt":"2024-02-15T18:01:43","slug":"mela-360-face-cleanser-depigmenting","status":"publish","type":"product","link":"https:\/\/medicinaestetica.xn--institutomedicopalmeo-vbc.com\/index.php\/producto\/mela-360-face-cleanser-depigmenting\/","title":{"rendered":"MELA 360 FACE &#038; CLEANSER DEPIGMENTING"},"content":{"rendered":"","protected":false},"excerpt":{"rendered":"<p>Loci\u00f3n limpiadora despigmentante indicada para la limpieza y desmaquillado diario de cara y ojos. Indicado en pieles apagadas, con falta de luminosidad o manchadas.<\/p>\n<p>Contiene \u00e1cidos grasos esenciales, como el \u00e1cido linoleico, que restauran el equilibrio lip\u00eddico de la piel y contribuyen a clarificar y a restablecer la uniformidad del tono.<\/p>\n<p>Los liposomas de Vitamina C, adem\u00e1s de su efecto antioxidante y junto con los liposomas de butiresorcinol, ayudan a prevenir y aclarar las pigmentaciones no deseadas de la piel.<\/p>\n<p>Esta l\u00ednea de productos destinada a la limpieza facial diaria, est\u00e1 recomendada en todo tipo de pieles, incluso las m\u00e1s sensibles e irritables.<\/p>\n","protected":false},"featured_media":387,"template":"","meta":{"_et_pb_use_builder":"","_et_pb_old_content":"","_et_gb_content_width":""},"product_cat":[28],"product_tag":[],"class_list":{"0":"post-386","1":"product","2":"type-product","3":"status-publish","4":"has-post-thumbnail","6":"product_cat-linea-mela-360","8":"first","9":"instock","10":"shipping-taxable","11":"product-type-simple"},"_links":{"self":[{"href":"https:\/\/medicinaestetica.xn--institutomedicopalmeo-vbc.com\/index.php\/wp-json\/wp\/v2\/product\/386","targetHints":{"allow":["GET"]}}],"collection":[{"href":"https:\/\/medicinaestetica.xn--institutomedicopalmeo-vbc.com\/index.php\/wp-json\/wp\/v2\/product"}],"about":[{"href":"https:\/\/medicinaestetica.xn--institutomedicopalmeo-vbc.com\/index.php\/wp-json\/wp\/v2\/types\/product"}],"wp:featuredmedia":[{"embeddable":true,"href":"https:\/\/medicinaestetica.xn--institutomedicopalmeo-vbc.com\/index.php\/wp-json\/wp\/v2\/media\/387"}],"wp:attachment":[{"href":"https:\/\/medicinaestetica.xn--institutomedicopalmeo-vbc.com\/index.php\/wp-json\/wp\/v2\/media?parent=386"}],"wp:term":[{"taxonomy":"product_cat","embeddable":true,"href":"https:\/\/medicinaestetica.xn--institutomedicopalmeo-vbc.com\/index.php\/wp-json\/wp\/v2\/product_cat?post=386"},{"taxonomy":"product_tag","embeddable":true,"href":"https:\/\/medicinaestetica.xn--institutomedicopalmeo-vbc.com\/index.php\/wp-json\/wp\/v2\/product_tag?post=386"}],"curies":[{"name":"wp","href":"https:\/\/api.w.org\/{rel}","templated":true}]}}