{"id":388,"date":"2024-02-15T18:02:27","date_gmt":"2024-02-15T18:02:27","guid":{"rendered":"https:\/\/medicinaestetica.xn--institutomedicopalmeo-vbc.com\/?post_type=product&#038;p=388"},"modified":"2024-02-15T18:02:27","modified_gmt":"2024-02-15T18:02:27","slug":"mela-360-spot-corrector","status":"publish","type":"product","link":"https:\/\/medicinaestetica.xn--institutomedicopalmeo-vbc.com\/index.php\/producto\/mela-360-spot-corrector\/","title":{"rendered":"MELA 360 SPOT CORRECTOR"},"content":{"rendered":"","protected":false},"excerpt":{"rendered":"<p>Tratamiento intensivo de choque que utiliza una tecnolog\u00eda innovadora, la nanotecnolog\u00eda, con la que se consigue transportar los activos, encapsulados en nanosomas, a las capas m\u00e1s profundas de la piel y potenciar sus efectos.<\/p>\n<p>Gracias a su composici\u00f3n, Liposomal serum despigmentante, act\u00faa por varias v\u00edas inhibiendo la tirosinasa, enzima responsable del origen de las manchas\u00a0logrando aclarar y reducir la intensidad de las pigmentaciones de diferente etiolog\u00eda, as\u00ed como prevenir\u00a0 futuras apariciones en la piel.<\/p>\n","protected":false},"featured_media":389,"template":"","meta":{"_et_pb_use_builder":"on","_et_pb_old_content":"","_et_gb_content_width":""},"product_cat":[28],"product_tag":[],"class_list":{"0":"post-388","1":"product","2":"type-product","3":"status-publish","4":"has-post-thumbnail","6":"product_cat-linea-mela-360","8":"first","9":"instock","10":"shipping-taxable","11":"product-type-simple"},"_links":{"self":[{"href":"https:\/\/medicinaestetica.xn--institutomedicopalmeo-vbc.com\/index.php\/wp-json\/wp\/v2\/product\/388","targetHints":{"allow":["GET"]}}],"collection":[{"href":"https:\/\/medicinaestetica.xn--institutomedicopalmeo-vbc.com\/index.php\/wp-json\/wp\/v2\/product"}],"about":[{"href":"https:\/\/medicinaestetica.xn--institutomedicopalmeo-vbc.com\/index.php\/wp-json\/wp\/v2\/types\/product"}],"wp:featuredmedia":[{"embeddable":true,"href":"https:\/\/medicinaestetica.xn--institutomedicopalmeo-vbc.com\/index.php\/wp-json\/wp\/v2\/media\/389"}],"wp:attachment":[{"href":"https:\/\/medicinaestetica.xn--institutomedicopalmeo-vbc.com\/index.php\/wp-json\/wp\/v2\/media?parent=388"}],"wp:term":[{"taxonomy":"product_cat","embeddable":true,"href":"https:\/\/medicinaestetica.xn--institutomedicopalmeo-vbc.com\/index.php\/wp-json\/wp\/v2\/product_cat?post=388"},{"taxonomy":"product_tag","embeddable":true,"href":"https:\/\/medicinaestetica.xn--institutomedicopalmeo-vbc.com\/index.php\/wp-json\/wp\/v2\/product_tag?post=388"}],"curies":[{"name":"wp","href":"https:\/\/api.w.org\/{rel}","templated":true}]}}