{"id":390,"date":"2024-02-15T18:03:49","date_gmt":"2024-02-15T18:03:49","guid":{"rendered":"https:\/\/medicinaestetica.xn--institutomedicopalmeo-vbc.com\/?post_type=product&#038;p=390"},"modified":"2024-02-15T18:03:49","modified_gmt":"2024-02-15T18:03:49","slug":"mela-360-gk-night-melanin-corrector","status":"publish","type":"product","link":"https:\/\/medicinaestetica.xn--institutomedicopalmeo-vbc.com\/index.php\/producto\/mela-360-gk-night-melanin-corrector\/","title":{"rendered":"MELA 360 G&#038;K NIGHT MELANIN CORRECTOR"},"content":{"rendered":"","protected":false},"excerpt":{"rendered":"<p>Tratamiento y prevenci\u00f3n de las pieles manchadas\u00a0(melasma, l\u00e9ntigos, pecas), con tono irregular y falta\u00a0de luz. Disminuye la intensidad de las manchas\u00a0proporcinando, en pocas sesiones, un tono m\u00e1s\u00a0unificado y un aspecto m\u00e1s radiante.<\/p>\n<p>El Gel facial despigmentante de textura ligera, no\u00a0grasa (oil-free), corrige las pigmentaciones mel\u00e1nicas\u00a0de forma r\u00e1pida y duradera.<\/p>\n<p>La combinaci\u00f3n de activos clarificantes interfiere en la s\u00edntesis de melanina, evitando y aclarando\u00a0pigmentaciones no deseadas.<\/p>\n<p>El \u00e1cido glic\u00f3lico realiza una suave exfoliaci\u00f3n en la piel, eliminando c\u00e9lulas muertas pigmentadas y\u00a0favoreciendo la renovaci\u00f3n celular.<\/p>\n","protected":false},"featured_media":391,"template":"","meta":{"_et_pb_use_builder":"","_et_pb_old_content":"","_et_gb_content_width":""},"product_cat":[28],"product_tag":[],"class_list":{"0":"post-390","1":"product","2":"type-product","3":"status-publish","4":"has-post-thumbnail","6":"product_cat-linea-mela-360","8":"first","9":"instock","10":"shipping-taxable","11":"product-type-simple"},"_links":{"self":[{"href":"https:\/\/medicinaestetica.xn--institutomedicopalmeo-vbc.com\/index.php\/wp-json\/wp\/v2\/product\/390","targetHints":{"allow":["GET"]}}],"collection":[{"href":"https:\/\/medicinaestetica.xn--institutomedicopalmeo-vbc.com\/index.php\/wp-json\/wp\/v2\/product"}],"about":[{"href":"https:\/\/medicinaestetica.xn--institutomedicopalmeo-vbc.com\/index.php\/wp-json\/wp\/v2\/types\/product"}],"wp:featuredmedia":[{"embeddable":true,"href":"https:\/\/medicinaestetica.xn--institutomedicopalmeo-vbc.com\/index.php\/wp-json\/wp\/v2\/media\/391"}],"wp:attachment":[{"href":"https:\/\/medicinaestetica.xn--institutomedicopalmeo-vbc.com\/index.php\/wp-json\/wp\/v2\/media?parent=390"}],"wp:term":[{"taxonomy":"product_cat","embeddable":true,"href":"https:\/\/medicinaestetica.xn--institutomedicopalmeo-vbc.com\/index.php\/wp-json\/wp\/v2\/product_cat?post=390"},{"taxonomy":"product_tag","embeddable":true,"href":"https:\/\/medicinaestetica.xn--institutomedicopalmeo-vbc.com\/index.php\/wp-json\/wp\/v2\/product_tag?post=390"}],"curies":[{"name":"wp","href":"https:\/\/api.w.org\/{rel}","templated":true}]}}