{"id":394,"date":"2024-02-15T18:06:07","date_gmt":"2024-02-15T18:06:07","guid":{"rendered":"https:\/\/medicinaestetica.xn--institutomedicopalmeo-vbc.com\/?post_type=product&#038;p=394"},"modified":"2024-02-15T18:06:07","modified_gmt":"2024-02-15T18:06:07","slug":"sens-age-lift-global-restructuring-intensive-crema-50ml","status":"publish","type":"product","link":"https:\/\/medicinaestetica.xn--institutomedicopalmeo-vbc.com\/index.php\/producto\/sens-age-lift-global-restructuring-intensive-crema-50ml\/","title":{"rendered":"SENS-AGE LIFT GLOBAL RESTRUCTURING Intensive Crema 50ml"},"content":{"rendered":"","protected":false},"excerpt":{"rendered":"<p>Indicada para prevenir y tratar la flacidez de la cara (envejecimiento, exposici\u00f3n solar, p\u00e9rdidas de peso, etc.). Estira, reafirma y tensa la piel.<\/p>\n<p>Por su contenido en DMAE, estira, reafirma y tensa la piel. El efecto es inmediato, observ\u00e1ndose tras su aplicaci\u00f3n una piel m\u00e1s firme, el\u00e1stica, tersa e hidratada.<\/p>\n","protected":false},"featured_media":395,"template":"","meta":{"_et_pb_use_builder":"","_et_pb_old_content":"","_et_gb_content_width":""},"product_cat":[29],"product_tag":[],"class_list":{"0":"post-394","1":"product","2":"type-product","3":"status-publish","4":"has-post-thumbnail","6":"product_cat-linea-sens-age-lift-md","8":"first","9":"instock","10":"shipping-taxable","11":"product-type-simple"},"_links":{"self":[{"href":"https:\/\/medicinaestetica.xn--institutomedicopalmeo-vbc.com\/index.php\/wp-json\/wp\/v2\/product\/394","targetHints":{"allow":["GET"]}}],"collection":[{"href":"https:\/\/medicinaestetica.xn--institutomedicopalmeo-vbc.com\/index.php\/wp-json\/wp\/v2\/product"}],"about":[{"href":"https:\/\/medicinaestetica.xn--institutomedicopalmeo-vbc.com\/index.php\/wp-json\/wp\/v2\/types\/product"}],"wp:featuredmedia":[{"embeddable":true,"href":"https:\/\/medicinaestetica.xn--institutomedicopalmeo-vbc.com\/index.php\/wp-json\/wp\/v2\/media\/395"}],"wp:attachment":[{"href":"https:\/\/medicinaestetica.xn--institutomedicopalmeo-vbc.com\/index.php\/wp-json\/wp\/v2\/media?parent=394"}],"wp:term":[{"taxonomy":"product_cat","embeddable":true,"href":"https:\/\/medicinaestetica.xn--institutomedicopalmeo-vbc.com\/index.php\/wp-json\/wp\/v2\/product_cat?post=394"},{"taxonomy":"product_tag","embeddable":true,"href":"https:\/\/medicinaestetica.xn--institutomedicopalmeo-vbc.com\/index.php\/wp-json\/wp\/v2\/product_tag?post=394"}],"curies":[{"name":"wp","href":"https:\/\/api.w.org\/{rel}","templated":true}]}}