{"id":398,"date":"2024-02-15T18:07:56","date_gmt":"2024-02-15T18:07:56","guid":{"rendered":"https:\/\/medicinaestetica.xn--institutomedicopalmeo-vbc.com\/?post_type=product&#038;p=398"},"modified":"2024-02-15T18:07:57","modified_gmt":"2024-02-15T18:07:57","slug":"sens-age-lift-deye-firming","status":"publish","type":"product","link":"https:\/\/medicinaestetica.xn--institutomedicopalmeo-vbc.com\/index.php\/producto\/sens-age-lift-deye-firming\/","title":{"rendered":"SENS AGE-LIFT D+EYE Firming"},"content":{"rendered":"","protected":false},"excerpt":{"rendered":"<p>Lifting para el contorno de los ojos. Alisa, reafirma\u00a0y tensa visible e inmediatamente la piel del\u00a0contorno de los ojos. Aten\u00faa las arrugas y eleva\u00a0las cejas.<\/p>\n<p>Emulsi\u00f3n ligera que incorpora una eficiente combinaci\u00f3n de activos. Mediante esta combinaci\u00f3n estimulamos la s\u00edntesis de col\u00e1geno en los fibroblastos, consiguiendo que la piel alrededor de los ojos adquiera una mayor tersura y resistencia.<\/p>\n","protected":false},"featured_media":399,"template":"","meta":{"_et_pb_use_builder":"","_et_pb_old_content":"","_et_gb_content_width":""},"product_cat":[29],"product_tag":[],"class_list":{"0":"post-398","1":"product","2":"type-product","3":"status-publish","4":"has-post-thumbnail","6":"product_cat-linea-sens-age-lift-md","8":"first","9":"instock","10":"shipping-taxable","11":"product-type-simple"},"_links":{"self":[{"href":"https:\/\/medicinaestetica.xn--institutomedicopalmeo-vbc.com\/index.php\/wp-json\/wp\/v2\/product\/398","targetHints":{"allow":["GET"]}}],"collection":[{"href":"https:\/\/medicinaestetica.xn--institutomedicopalmeo-vbc.com\/index.php\/wp-json\/wp\/v2\/product"}],"about":[{"href":"https:\/\/medicinaestetica.xn--institutomedicopalmeo-vbc.com\/index.php\/wp-json\/wp\/v2\/types\/product"}],"wp:featuredmedia":[{"embeddable":true,"href":"https:\/\/medicinaestetica.xn--institutomedicopalmeo-vbc.com\/index.php\/wp-json\/wp\/v2\/media\/399"}],"wp:attachment":[{"href":"https:\/\/medicinaestetica.xn--institutomedicopalmeo-vbc.com\/index.php\/wp-json\/wp\/v2\/media?parent=398"}],"wp:term":[{"taxonomy":"product_cat","embeddable":true,"href":"https:\/\/medicinaestetica.xn--institutomedicopalmeo-vbc.com\/index.php\/wp-json\/wp\/v2\/product_cat?post=398"},{"taxonomy":"product_tag","embeddable":true,"href":"https:\/\/medicinaestetica.xn--institutomedicopalmeo-vbc.com\/index.php\/wp-json\/wp\/v2\/product_tag?post=398"}],"curies":[{"name":"wp","href":"https:\/\/api.w.org\/{rel}","templated":true}]}}