{"id":403,"date":"2024-02-15T18:10:55","date_gmt":"2024-02-15T18:10:55","guid":{"rendered":"https:\/\/medicinaestetica.xn--institutomedicopalmeo-vbc.com\/?post_type=product&#038;p=403"},"modified":"2024-02-15T18:10:55","modified_gmt":"2024-02-15T18:10:55","slug":"sunyses-md-natural-skin-tone-spf-50","status":"publish","type":"product","link":"https:\/\/medicinaestetica.xn--institutomedicopalmeo-vbc.com\/index.php\/producto\/sunyses-md-natural-skin-tone-spf-50\/","title":{"rendered":"SUNYSES MD NATURAL SKIN TONE SPF 50"},"content":{"rendered":"","protected":false},"excerpt":{"rendered":"<p>Protector solar facial en textura crema que garantiza\u00a0una protecci\u00f3n alta (SPF 50) frente a las radiaciones\u00a0UVA\/UVB al tiempo que hidrata, calma y regenera la\u00a0piel.<\/p>\n<p>Su f\u00f3rmula con color aporta un ligero tono bronceado.<\/p>\n<p>La Crema facial fotoprotectora con color, cuenta\u00a0con una alta concentraci\u00f3n de filtros solares y\u00a0pantallas que permite alcanzar un factor de\u00a0protecci\u00f3n alto (SPF 50), ofreciendo una gran\u00a0seguridad de uso. Protege frente a los efectos\u00a0da\u00f1inos del sol (rayos UVA y UVB).<\/p>\n<p>Garantiza una \u00f3ptima protecci\u00f3n de todo tipo de pieles, incluso las m\u00e1s intolerantes y sensibles a la exposici\u00f3n.<\/p>\n","protected":false},"featured_media":404,"template":"","meta":{"_et_pb_use_builder":"","_et_pb_old_content":"","_et_gb_content_width":""},"product_cat":[30],"product_tag":[],"class_list":{"0":"post-403","1":"product","2":"type-product","3":"status-publish","4":"has-post-thumbnail","6":"product_cat-linea-sunyses-md","8":"first","9":"instock","10":"shipping-taxable","11":"product-type-simple"},"_links":{"self":[{"href":"https:\/\/medicinaestetica.xn--institutomedicopalmeo-vbc.com\/index.php\/wp-json\/wp\/v2\/product\/403","targetHints":{"allow":["GET"]}}],"collection":[{"href":"https:\/\/medicinaestetica.xn--institutomedicopalmeo-vbc.com\/index.php\/wp-json\/wp\/v2\/product"}],"about":[{"href":"https:\/\/medicinaestetica.xn--institutomedicopalmeo-vbc.com\/index.php\/wp-json\/wp\/v2\/types\/product"}],"wp:featuredmedia":[{"embeddable":true,"href":"https:\/\/medicinaestetica.xn--institutomedicopalmeo-vbc.com\/index.php\/wp-json\/wp\/v2\/media\/404"}],"wp:attachment":[{"href":"https:\/\/medicinaestetica.xn--institutomedicopalmeo-vbc.com\/index.php\/wp-json\/wp\/v2\/media?parent=403"}],"wp:term":[{"taxonomy":"product_cat","embeddable":true,"href":"https:\/\/medicinaestetica.xn--institutomedicopalmeo-vbc.com\/index.php\/wp-json\/wp\/v2\/product_cat?post=403"},{"taxonomy":"product_tag","embeddable":true,"href":"https:\/\/medicinaestetica.xn--institutomedicopalmeo-vbc.com\/index.php\/wp-json\/wp\/v2\/product_tag?post=403"}],"curies":[{"name":"wp","href":"https:\/\/api.w.org\/{rel}","templated":true}]}}