{"id":418,"date":"2024-02-16T12:03:29","date_gmt":"2024-02-16T12:03:29","guid":{"rendered":"https:\/\/medicinaestetica.xn--institutomedicopalmeo-vbc.com\/?post_type=product&#038;p=418"},"modified":"2024-02-16T12:03:30","modified_gmt":"2024-02-16T12:03:30","slug":"crema-m-noche","status":"publish","type":"product","link":"https:\/\/medicinaestetica.xn--institutomedicopalmeo-vbc.com\/index.php\/producto\/crema-m-noche\/","title":{"rendered":"Crema M Noche"},"content":{"rendered":"","protected":false},"excerpt":{"rendered":"<p>Evita la aparici\u00f3n de manchas provocadas por la radiaci\u00f3n solar, la edad y el embarazo. Mantenimiento tras tratamiento peeling o l\u00e1ser despigmentante. Mejora notablemente arrugas y sequedad en cuello y escote. Se puede usar como base de maquillaje. Emulsi\u00f3n restauradora del equilibrio cut\u00e1neo, antiarrugas, inhibe la melanog\u00e9nesis aclarando la piel manchada y provoca la autohidrataci\u00f3n, devolviendo el color natural al rostro.<\/p>\n","protected":false},"featured_media":419,"template":"","meta":{"_et_pb_use_builder":"","_et_pb_old_content":"","_et_gb_content_width":""},"product_cat":[32],"product_tag":[],"class_list":{"0":"post-418","1":"product","2":"type-product","3":"status-publish","4":"has-post-thumbnail","6":"product_cat-manchas","8":"first","9":"instock","10":"shipping-taxable","11":"product-type-simple"},"_links":{"self":[{"href":"https:\/\/medicinaestetica.xn--institutomedicopalmeo-vbc.com\/index.php\/wp-json\/wp\/v2\/product\/418","targetHints":{"allow":["GET"]}}],"collection":[{"href":"https:\/\/medicinaestetica.xn--institutomedicopalmeo-vbc.com\/index.php\/wp-json\/wp\/v2\/product"}],"about":[{"href":"https:\/\/medicinaestetica.xn--institutomedicopalmeo-vbc.com\/index.php\/wp-json\/wp\/v2\/types\/product"}],"wp:featuredmedia":[{"embeddable":true,"href":"https:\/\/medicinaestetica.xn--institutomedicopalmeo-vbc.com\/index.php\/wp-json\/wp\/v2\/media\/419"}],"wp:attachment":[{"href":"https:\/\/medicinaestetica.xn--institutomedicopalmeo-vbc.com\/index.php\/wp-json\/wp\/v2\/media?parent=418"}],"wp:term":[{"taxonomy":"product_cat","embeddable":true,"href":"https:\/\/medicinaestetica.xn--institutomedicopalmeo-vbc.com\/index.php\/wp-json\/wp\/v2\/product_cat?post=418"},{"taxonomy":"product_tag","embeddable":true,"href":"https:\/\/medicinaestetica.xn--institutomedicopalmeo-vbc.com\/index.php\/wp-json\/wp\/v2\/product_tag?post=418"}],"curies":[{"name":"wp","href":"https:\/\/api.w.org\/{rel}","templated":true}]}}