{"id":422,"date":"2024-02-16T12:05:19","date_gmt":"2024-02-16T12:05:19","guid":{"rendered":"https:\/\/medicinaestetica.xn--institutomedicopalmeo-vbc.com\/?post_type=product&#038;p=422"},"modified":"2024-02-16T12:05:19","modified_gmt":"2024-02-16T12:05:19","slug":"crema-dmae","status":"publish","type":"product","link":"https:\/\/medicinaestetica.xn--institutomedicopalmeo-vbc.com\/index.php\/producto\/crema-dmae\/","title":{"rendered":"CREMA DMAE"},"content":{"rendered":"","protected":false},"excerpt":{"rendered":"<p>Lifting en cara, cuello y escote. Prevenci\u00f3n y tratamiento de la flacidez facial. Pieles mixtas y normales.<\/p>\n<p>Reafirma y estira la dermis facial. Contiene DMAE que induce un efecto lifting, aumentando el tono muscular y favoreciendo la capacidad tensora. La Vitamina C dinamiza la piel aportando luminosidad y aten\u00faa las arrugas. El \u00c1cido Ti\u00f3ctico es un antioxidante natural que neutraliza los radicales libres provocados por los agentes externos.<\/p>\n","protected":false},"featured_media":423,"template":"","meta":{"_et_pb_use_builder":"","_et_pb_old_content":"","_et_gb_content_width":""},"product_cat":[33],"product_tag":[],"class_list":{"0":"post-422","1":"product","2":"type-product","3":"status-publish","4":"has-post-thumbnail","6":"product_cat-hidratacion-y-nutricion","8":"first","9":"instock","10":"shipping-taxable","11":"product-type-simple"},"_links":{"self":[{"href":"https:\/\/medicinaestetica.xn--institutomedicopalmeo-vbc.com\/index.php\/wp-json\/wp\/v2\/product\/422","targetHints":{"allow":["GET"]}}],"collection":[{"href":"https:\/\/medicinaestetica.xn--institutomedicopalmeo-vbc.com\/index.php\/wp-json\/wp\/v2\/product"}],"about":[{"href":"https:\/\/medicinaestetica.xn--institutomedicopalmeo-vbc.com\/index.php\/wp-json\/wp\/v2\/types\/product"}],"wp:featuredmedia":[{"embeddable":true,"href":"https:\/\/medicinaestetica.xn--institutomedicopalmeo-vbc.com\/index.php\/wp-json\/wp\/v2\/media\/423"}],"wp:attachment":[{"href":"https:\/\/medicinaestetica.xn--institutomedicopalmeo-vbc.com\/index.php\/wp-json\/wp\/v2\/media?parent=422"}],"wp:term":[{"taxonomy":"product_cat","embeddable":true,"href":"https:\/\/medicinaestetica.xn--institutomedicopalmeo-vbc.com\/index.php\/wp-json\/wp\/v2\/product_cat?post=422"},{"taxonomy":"product_tag","embeddable":true,"href":"https:\/\/medicinaestetica.xn--institutomedicopalmeo-vbc.com\/index.php\/wp-json\/wp\/v2\/product_tag?post=422"}],"curies":[{"name":"wp","href":"https:\/\/api.w.org\/{rel}","templated":true}]}}