{"id":424,"date":"2024-02-16T12:06:00","date_gmt":"2024-02-16T12:06:00","guid":{"rendered":"https:\/\/medicinaestetica.xn--institutomedicopalmeo-vbc.com\/?post_type=product&#038;p=424"},"modified":"2024-02-16T12:06:02","modified_gmt":"2024-02-16T12:06:02","slug":"glow-oil-30ml","status":"publish","type":"product","link":"https:\/\/medicinaestetica.xn--institutomedicopalmeo-vbc.com\/index.php\/producto\/glow-oil-30ml\/","title":{"rendered":"GLOW OIL 30ML"},"content":{"rendered":"","protected":false},"excerpt":{"rendered":"<p>Glow Oil es un s\u00e9rum oleoso antiaging de tacto seco, a base de activos multifuncionales indicado para pieles desde mixtas a secas, muy secas y sensibles. Su estudiada cosm\u00e9tica de aceite premium es de r\u00e1pida absorci\u00f3n y tiene un tacto seco, dejando una piel suave, sedosa y aterciopelada. No deja brillos ni engrasa. Con solo varias gotas aporta una sensaci\u00f3n excepcional y \u00fanica sobre la piel.<\/p>\n<p>Aporta luminosidad. Mejora la elasticidad y flexibilidad del rostro. Estimula la producci\u00f3n de col\u00e1geno dejando la piel m\u00e1s suave, nutrida y radiante. Esculpido facial. Pieles mixtas, secas a muy secas o sensibles.<\/p>\n","protected":false},"featured_media":425,"template":"","meta":{"_et_pb_use_builder":"","_et_pb_old_content":"","_et_gb_content_width":""},"product_cat":[33],"product_tag":[],"class_list":{"0":"post-424","1":"product","2":"type-product","3":"status-publish","4":"has-post-thumbnail","6":"product_cat-hidratacion-y-nutricion","8":"first","9":"instock","10":"shipping-taxable","11":"product-type-simple"},"_links":{"self":[{"href":"https:\/\/medicinaestetica.xn--institutomedicopalmeo-vbc.com\/index.php\/wp-json\/wp\/v2\/product\/424","targetHints":{"allow":["GET"]}}],"collection":[{"href":"https:\/\/medicinaestetica.xn--institutomedicopalmeo-vbc.com\/index.php\/wp-json\/wp\/v2\/product"}],"about":[{"href":"https:\/\/medicinaestetica.xn--institutomedicopalmeo-vbc.com\/index.php\/wp-json\/wp\/v2\/types\/product"}],"wp:featuredmedia":[{"embeddable":true,"href":"https:\/\/medicinaestetica.xn--institutomedicopalmeo-vbc.com\/index.php\/wp-json\/wp\/v2\/media\/425"}],"wp:attachment":[{"href":"https:\/\/medicinaestetica.xn--institutomedicopalmeo-vbc.com\/index.php\/wp-json\/wp\/v2\/media?parent=424"}],"wp:term":[{"taxonomy":"product_cat","embeddable":true,"href":"https:\/\/medicinaestetica.xn--institutomedicopalmeo-vbc.com\/index.php\/wp-json\/wp\/v2\/product_cat?post=424"},{"taxonomy":"product_tag","embeddable":true,"href":"https:\/\/medicinaestetica.xn--institutomedicopalmeo-vbc.com\/index.php\/wp-json\/wp\/v2\/product_tag?post=424"}],"curies":[{"name":"wp","href":"https:\/\/api.w.org\/{rel}","templated":true}]}}