{"id":431,"date":"2024-02-16T12:12:29","date_gmt":"2024-02-16T12:12:29","guid":{"rendered":"https:\/\/medicinaestetica.xn--institutomedicopalmeo-vbc.com\/?post_type=product&#038;p=431"},"modified":"2024-02-16T12:12:29","modified_gmt":"2024-02-16T12:12:29","slug":"emulsion-contorno-de-ojos-15ml","status":"publish","type":"product","link":"https:\/\/medicinaestetica.xn--institutomedicopalmeo-vbc.com\/index.php\/producto\/emulsion-contorno-de-ojos-15ml\/","title":{"rendered":"EMULSI\u00d3N CONTORNO DE OJOS 15ML"},"content":{"rendered":"","protected":false},"excerpt":{"rendered":"<p>Previene y reduce las arrugas, bolsas y ojeras en todo tipo de pieles. Relaja la musculatura periocular atenuando las l\u00edneas de expresi\u00f3n, surcos y patas de gallo. Su formulaci\u00f3n contiene activos que reducen las bolsas y ojeras. Estimula la actividad celular mejorando la elasticidad y firmeza. Con propiedades hidratantes, descongestivas y antirradicales libres. El Col\u00e1geno Natural, el Aloe Vera y el Hammamelis poseen un elevado poder hidratante y regenerador. El Argireline\u00ae y Matrixyl 3000\u00ae, p\u00e9ptidos de \u00faltima generaci\u00f3n, provocan una relajaci\u00f3n de la musculatura periocular atenuando \u201clas patas de gallo\u201d. El Eyeseryl\u00ae es un tetrap\u00e9ptido con propiedades anti edematosas y es drenante linf\u00e1tico de los l\u00edquidos tisulares contenidos en las bolsas, mejorando el aspecto de la zona periocular a los pocos d\u00edas de uso<\/p>\n","protected":false},"featured_media":432,"template":"","meta":{"_et_pb_use_builder":"","_et_pb_old_content":"","_et_gb_content_width":""},"product_cat":[34],"product_tag":[],"class_list":{"0":"post-431","1":"product","2":"type-product","3":"status-publish","4":"has-post-thumbnail","6":"product_cat-cuidado-ojos-y-labios","8":"first","9":"instock","10":"shipping-taxable","11":"product-type-simple"},"_links":{"self":[{"href":"https:\/\/medicinaestetica.xn--institutomedicopalmeo-vbc.com\/index.php\/wp-json\/wp\/v2\/product\/431","targetHints":{"allow":["GET"]}}],"collection":[{"href":"https:\/\/medicinaestetica.xn--institutomedicopalmeo-vbc.com\/index.php\/wp-json\/wp\/v2\/product"}],"about":[{"href":"https:\/\/medicinaestetica.xn--institutomedicopalmeo-vbc.com\/index.php\/wp-json\/wp\/v2\/types\/product"}],"wp:featuredmedia":[{"embeddable":true,"href":"https:\/\/medicinaestetica.xn--institutomedicopalmeo-vbc.com\/index.php\/wp-json\/wp\/v2\/media\/432"}],"wp:attachment":[{"href":"https:\/\/medicinaestetica.xn--institutomedicopalmeo-vbc.com\/index.php\/wp-json\/wp\/v2\/media?parent=431"}],"wp:term":[{"taxonomy":"product_cat","embeddable":true,"href":"https:\/\/medicinaestetica.xn--institutomedicopalmeo-vbc.com\/index.php\/wp-json\/wp\/v2\/product_cat?post=431"},{"taxonomy":"product_tag","embeddable":true,"href":"https:\/\/medicinaestetica.xn--institutomedicopalmeo-vbc.com\/index.php\/wp-json\/wp\/v2\/product_tag?post=431"}],"curies":[{"name":"wp","href":"https:\/\/api.w.org\/{rel}","templated":true}]}}