{"id":435,"date":"2024-02-16T12:14:38","date_gmt":"2024-02-16T12:14:38","guid":{"rendered":"https:\/\/medicinaestetica.xn--institutomedicopalmeo-vbc.com\/?post_type=product&#038;p=435"},"modified":"2024-02-16T12:14:38","modified_gmt":"2024-02-16T12:14:38","slug":"pack-cuidado-labial","status":"publish","type":"product","link":"https:\/\/medicinaestetica.xn--institutomedicopalmeo-vbc.com\/index.php\/producto\/pack-cuidado-labial\/","title":{"rendered":"PACK CUIDADO LABIAL"},"content":{"rendered":"","protected":false},"excerpt":{"rendered":"<p>Newlip es un exfoliante labial, apto para todo tipo de pieles, que favorece la renovaci\u00f3n labial gracias a la combinaci\u00f3n de exfoliantes enzim\u00e1ticos y f\u00edsicos suaves, dejando unos labios m\u00e1s suaves y lisos. Gracias a su efecto Soft Focus y su contenido en Manteca de Cupau\u00e7\u00fa y L\u00edpidos de Moringa mejoran sensiblemente el aspecto e imperfecciones propias de los labios, igualando el tono y favoreciendo una hidrataci\u00f3n m\u00e1s intensa.<\/p>\n<p>Coralip es un b\u00e1lsamo labial y peribucal con una exclusiva f\u00f3rmula a base de activos innovadores como Fillederm\u2122 y Gatuline\u00ae Expression AF y micropart\u00edculas de \u00c1cido Hialur\u00f3nico, que adem\u00e1s de reparar e hidratar los labios da\u00f1ados y secos, mejora la definici\u00f3n del contorno de labios, recupera el volumen, forma y curvatura de los labios y aten\u00faa las arrugas peribucales.<\/p>\n","protected":false},"featured_media":436,"template":"","meta":{"_et_pb_use_builder":"","_et_pb_old_content":"","_et_gb_content_width":""},"product_cat":[34],"product_tag":[],"class_list":{"0":"post-435","1":"product","2":"type-product","3":"status-publish","4":"has-post-thumbnail","6":"product_cat-cuidado-ojos-y-labios","8":"first","9":"instock","10":"shipping-taxable","11":"product-type-simple"},"_links":{"self":[{"href":"https:\/\/medicinaestetica.xn--institutomedicopalmeo-vbc.com\/index.php\/wp-json\/wp\/v2\/product\/435","targetHints":{"allow":["GET"]}}],"collection":[{"href":"https:\/\/medicinaestetica.xn--institutomedicopalmeo-vbc.com\/index.php\/wp-json\/wp\/v2\/product"}],"about":[{"href":"https:\/\/medicinaestetica.xn--institutomedicopalmeo-vbc.com\/index.php\/wp-json\/wp\/v2\/types\/product"}],"wp:featuredmedia":[{"embeddable":true,"href":"https:\/\/medicinaestetica.xn--institutomedicopalmeo-vbc.com\/index.php\/wp-json\/wp\/v2\/media\/436"}],"wp:attachment":[{"href":"https:\/\/medicinaestetica.xn--institutomedicopalmeo-vbc.com\/index.php\/wp-json\/wp\/v2\/media?parent=435"}],"wp:term":[{"taxonomy":"product_cat","embeddable":true,"href":"https:\/\/medicinaestetica.xn--institutomedicopalmeo-vbc.com\/index.php\/wp-json\/wp\/v2\/product_cat?post=435"},{"taxonomy":"product_tag","embeddable":true,"href":"https:\/\/medicinaestetica.xn--institutomedicopalmeo-vbc.com\/index.php\/wp-json\/wp\/v2\/product_tag?post=435"}],"curies":[{"name":"wp","href":"https:\/\/api.w.org\/{rel}","templated":true}]}}