{"id":437,"date":"2024-02-16T12:15:48","date_gmt":"2024-02-16T12:15:48","guid":{"rendered":"https:\/\/medicinaestetica.xn--institutomedicopalmeo-vbc.com\/?post_type=product&#038;p=437"},"modified":"2024-02-16T12:15:48","modified_gmt":"2024-02-16T12:15:48","slug":"syl-100-spf-50","status":"publish","type":"product","link":"https:\/\/medicinaestetica.xn--institutomedicopalmeo-vbc.com\/index.php\/producto\/syl-100-spf-50\/","title":{"rendered":"SYL 100 SPF 50+"},"content":{"rendered":"","protected":false},"excerpt":{"rendered":"<p>Protecci\u00f3n solar muy alta, hidratante, de tacto aterciopelado no graso enriquecida con Hialur\u00f3nico y Col\u00e1geno, proporciona una protecci\u00f3n duradera, para todo tipo de piel.<\/p>\n<p>Protecci\u00f3n solar diaria con hidrataci\u00f3n y nutrici\u00f3n. Mantiene los niveles \u00f3ptimos de hidrataci\u00f3n y cuidado de la piel en la exposici\u00f3n solar. Aporta elasticidad y turgencia. Acabado seco y tacto aterciopelado.\u00a0No contiene perfume, al\u00e9rgenos y no comedog\u00e9nico.<\/p>\n","protected":false},"featured_media":438,"template":"","meta":{"_et_pb_use_builder":"","_et_pb_old_content":"","_et_gb_content_width":""},"product_cat":[34],"product_tag":[],"class_list":{"0":"post-437","1":"product","2":"type-product","3":"status-publish","4":"has-post-thumbnail","6":"product_cat-cuidado-ojos-y-labios","8":"first","9":"instock","10":"shipping-taxable","11":"product-type-simple"},"_links":{"self":[{"href":"https:\/\/medicinaestetica.xn--institutomedicopalmeo-vbc.com\/index.php\/wp-json\/wp\/v2\/product\/437","targetHints":{"allow":["GET"]}}],"collection":[{"href":"https:\/\/medicinaestetica.xn--institutomedicopalmeo-vbc.com\/index.php\/wp-json\/wp\/v2\/product"}],"about":[{"href":"https:\/\/medicinaestetica.xn--institutomedicopalmeo-vbc.com\/index.php\/wp-json\/wp\/v2\/types\/product"}],"wp:featuredmedia":[{"embeddable":true,"href":"https:\/\/medicinaestetica.xn--institutomedicopalmeo-vbc.com\/index.php\/wp-json\/wp\/v2\/media\/438"}],"wp:attachment":[{"href":"https:\/\/medicinaestetica.xn--institutomedicopalmeo-vbc.com\/index.php\/wp-json\/wp\/v2\/media?parent=437"}],"wp:term":[{"taxonomy":"product_cat","embeddable":true,"href":"https:\/\/medicinaestetica.xn--institutomedicopalmeo-vbc.com\/index.php\/wp-json\/wp\/v2\/product_cat?post=437"},{"taxonomy":"product_tag","embeddable":true,"href":"https:\/\/medicinaestetica.xn--institutomedicopalmeo-vbc.com\/index.php\/wp-json\/wp\/v2\/product_tag?post=437"}],"curies":[{"name":"wp","href":"https:\/\/api.w.org\/{rel}","templated":true}]}}