{"id":441,"date":"2024-02-16T12:18:48","date_gmt":"2024-02-16T12:18:48","guid":{"rendered":"https:\/\/medicinaestetica.xn--institutomedicopalmeo-vbc.com\/?post_type=product&#038;p=441"},"modified":"2024-02-16T12:18:48","modified_gmt":"2024-02-16T12:18:48","slug":"pack-antiarrugas-intensivo","status":"publish","type":"product","link":"https:\/\/medicinaestetica.xn--institutomedicopalmeo-vbc.com\/index.php\/producto\/pack-antiarrugas-intensivo\/","title":{"rendered":"PACK ANTIARRUGAS INTENSIVO"},"content":{"rendered":"","protected":false},"excerpt":{"rendered":"<p>Activ-Plus D\u00eda es una crema que evita el estr\u00e9s oxidativo debido a los radicales libres, disminuye la profundidad de las arrugas y mejora la aspereza cut\u00e1nea. Se puede usar como base de maquillaje. \u00a0 Activ-Plus Noche es una crema que mejora la estructura de la epidermis y contribuye a mejorar su espesor, redensificando las arrugas. \u00a0 Crema Cuello y Escote es una crema reafirmante que mejora y antiarrugas que mejora en pocos d\u00edas cualquier tipo de arrugas tanto transversales como verticales del cuello. Revitaliza la zona del escote deshidratado y arrugado.<\/p>\n<p>Crema antiarrugas de choque. &#8211; Disminuye la profundidad de las arrugas. &#8211; Evita el estr\u00e9s oxidativo. &#8211; Hidronutrici\u00f3n. &#8211; Piel tersa y luminosa.<\/p>\n","protected":false},"featured_media":442,"template":"","meta":{"_et_pb_use_builder":"","_et_pb_old_content":"","_et_gb_content_width":""},"product_cat":[35],"product_tag":[],"class_list":{"0":"post-441","1":"product","2":"type-product","3":"status-publish","4":"has-post-thumbnail","6":"product_cat-antiarrugas-intensivo","8":"first","9":"instock","10":"shipping-taxable","11":"product-type-simple"},"_links":{"self":[{"href":"https:\/\/medicinaestetica.xn--institutomedicopalmeo-vbc.com\/index.php\/wp-json\/wp\/v2\/product\/441","targetHints":{"allow":["GET"]}}],"collection":[{"href":"https:\/\/medicinaestetica.xn--institutomedicopalmeo-vbc.com\/index.php\/wp-json\/wp\/v2\/product"}],"about":[{"href":"https:\/\/medicinaestetica.xn--institutomedicopalmeo-vbc.com\/index.php\/wp-json\/wp\/v2\/types\/product"}],"wp:featuredmedia":[{"embeddable":true,"href":"https:\/\/medicinaestetica.xn--institutomedicopalmeo-vbc.com\/index.php\/wp-json\/wp\/v2\/media\/442"}],"wp:attachment":[{"href":"https:\/\/medicinaestetica.xn--institutomedicopalmeo-vbc.com\/index.php\/wp-json\/wp\/v2\/media?parent=441"}],"wp:term":[{"taxonomy":"product_cat","embeddable":true,"href":"https:\/\/medicinaestetica.xn--institutomedicopalmeo-vbc.com\/index.php\/wp-json\/wp\/v2\/product_cat?post=441"},{"taxonomy":"product_tag","embeddable":true,"href":"https:\/\/medicinaestetica.xn--institutomedicopalmeo-vbc.com\/index.php\/wp-json\/wp\/v2\/product_tag?post=441"}],"curies":[{"name":"wp","href":"https:\/\/api.w.org\/{rel}","templated":true}]}}