{"id":445,"date":"2024-02-16T12:20:51","date_gmt":"2024-02-16T12:20:51","guid":{"rendered":"https:\/\/medicinaestetica.xn--institutomedicopalmeo-vbc.com\/?post_type=product&#038;p=445"},"modified":"2024-02-16T12:20:51","modified_gmt":"2024-02-16T12:20:51","slug":"antiaging-retinol-pack","status":"publish","type":"product","link":"https:\/\/medicinaestetica.xn--institutomedicopalmeo-vbc.com\/index.php\/producto\/antiaging-retinol-pack\/","title":{"rendered":"ANTIAGING RETINOL PACK"},"content":{"rendered":"","protected":false},"excerpt":{"rendered":"<p>La Crema Hidronutritiva Facial hidrata, protege y nutre la piel, dando suavidad, elasticidad y aportando un \u00f3ptimo nivel h\u00eddrico cut\u00e1neo. Retiplus 1% es una crema nutritiva de noche con alta concentraci\u00f3n de retinol y activos anti edad globales destinado a todo tipo de pieles, excepto las sensibles. Retiplus 1% adem\u00e1s de Retinol 1%, aporta 10 principios activos m\u00e1s que complementan todas las necesidades de la piel generando una acci\u00f3n antienvejecimiento y antiarrugas intensiva.<\/p>\n","protected":false},"featured_media":446,"template":"","meta":{"_et_pb_use_builder":"","_et_pb_old_content":"","_et_gb_content_width":""},"product_cat":[35],"product_tag":[],"class_list":{"0":"post-445","1":"product","2":"type-product","3":"status-publish","4":"has-post-thumbnail","6":"product_cat-antiarrugas-intensivo","8":"first","9":"instock","10":"shipping-taxable","11":"product-type-simple"},"_links":{"self":[{"href":"https:\/\/medicinaestetica.xn--institutomedicopalmeo-vbc.com\/index.php\/wp-json\/wp\/v2\/product\/445","targetHints":{"allow":["GET"]}}],"collection":[{"href":"https:\/\/medicinaestetica.xn--institutomedicopalmeo-vbc.com\/index.php\/wp-json\/wp\/v2\/product"}],"about":[{"href":"https:\/\/medicinaestetica.xn--institutomedicopalmeo-vbc.com\/index.php\/wp-json\/wp\/v2\/types\/product"}],"wp:featuredmedia":[{"embeddable":true,"href":"https:\/\/medicinaestetica.xn--institutomedicopalmeo-vbc.com\/index.php\/wp-json\/wp\/v2\/media\/446"}],"wp:attachment":[{"href":"https:\/\/medicinaestetica.xn--institutomedicopalmeo-vbc.com\/index.php\/wp-json\/wp\/v2\/media?parent=445"}],"wp:term":[{"taxonomy":"product_cat","embeddable":true,"href":"https:\/\/medicinaestetica.xn--institutomedicopalmeo-vbc.com\/index.php\/wp-json\/wp\/v2\/product_cat?post=445"},{"taxonomy":"product_tag","embeddable":true,"href":"https:\/\/medicinaestetica.xn--institutomedicopalmeo-vbc.com\/index.php\/wp-json\/wp\/v2\/product_tag?post=445"}],"curies":[{"name":"wp","href":"https:\/\/api.w.org\/{rel}","templated":true}]}}