{"id":448,"date":"2024-02-16T12:22:33","date_gmt":"2024-02-16T12:22:33","guid":{"rendered":"https:\/\/medicinaestetica.xn--institutomedicopalmeo-vbc.com\/?post_type=product&#038;p=448"},"modified":"2024-02-16T12:22:34","modified_gmt":"2024-02-16T12:22:34","slug":"ferulast","status":"publish","type":"product","link":"https:\/\/medicinaestetica.xn--institutomedicopalmeo-vbc.com\/index.php\/producto\/ferulast\/","title":{"rendered":"FERULAST"},"content":{"rendered":"","protected":false},"excerpt":{"rendered":"<p>FERULAST es un complet\u00edsimo S\u00e9rum recuperador, indicado para todo tipo de pieles incluidas las m\u00e1s sensibles, con un concentrado de activos antioxidantes que neutralizan los radicales libres y ayudan a prevenir el fotoenvejecimiento. Contiene ASTAXANTINA, uno de los m\u00e1s potentes antioxidantes conocidos, que protege eficazmente las membranas celulares. Soluci\u00f3n antioxidante efecto BOOSTER para rostro, cuello y escote, de r\u00e1pida absorci\u00f3n, que aporta suavidad y elasticidad. Facilita que la piel absorba mucho mejor y m\u00e1s r\u00e1pidamente la crema facial diaria, enriqueci\u00e9ndola y potenciando su efecto.<\/p>\n<p>&nbsp;<\/p>\n<p>Contiene \u00c1CIDO FER\u00daLICO, que por sus propiedades antioxidantes, contrarresta los efectos de la radiaci\u00f3n ultravioleta en el ADN y en las membranas celulares, evitando as\u00ed la deshidrataci\u00f3n provocada por dicha radiaci\u00f3n. La ASTAXANTINA preserva la integridad del col\u00e1geno, dando como resultado una piel m\u00e1s el\u00e1stica. Proporciona protecci\u00f3n desde el interior, mejorando la microtextura cut\u00e1nea y contribuyendo a suavizar las arrugas de expresi\u00f3n. Su 0,3% \u00c1CIDO HIALUR\u00d3NICO de bajo peso molecular, regula la hidrataci\u00f3n de la piel y la redensifica mejorando su firmeza. La VITAMINA C le da un plus de luminosidad a la piel. Es un gran aliado en el proceso de recuperaci\u00f3n cut\u00e1nea, ya que estimula la s\u00edntesis de col\u00e1geno, neutraliza los radicales libres, regenera la VITAMINA E y disminuye la formaci\u00f3n de lipoper\u00f3xidos, aceleradores del envejecimiento. Y la VITAMINA E act\u00faa como barrera natural para proteger la piel de los rayos solares, gracias a sus propiedades antioxidantes. Combate el fotoenvejecimiento al mejorar la hidrataci\u00f3n y elasticidad.<\/p>\n","protected":false},"featured_media":449,"template":"","meta":{"_et_pb_use_builder":"","_et_pb_old_content":"","_et_gb_content_width":""},"product_cat":[36],"product_tag":[],"class_list":{"0":"post-448","1":"product","2":"type-product","3":"status-publish","4":"has-post-thumbnail","6":"product_cat-recuperacion-cutanea-y-piel-sensible","8":"first","9":"instock","10":"shipping-taxable","11":"product-type-simple"},"_links":{"self":[{"href":"https:\/\/medicinaestetica.xn--institutomedicopalmeo-vbc.com\/index.php\/wp-json\/wp\/v2\/product\/448","targetHints":{"allow":["GET"]}}],"collection":[{"href":"https:\/\/medicinaestetica.xn--institutomedicopalmeo-vbc.com\/index.php\/wp-json\/wp\/v2\/product"}],"about":[{"href":"https:\/\/medicinaestetica.xn--institutomedicopalmeo-vbc.com\/index.php\/wp-json\/wp\/v2\/types\/product"}],"wp:featuredmedia":[{"embeddable":true,"href":"https:\/\/medicinaestetica.xn--institutomedicopalmeo-vbc.com\/index.php\/wp-json\/wp\/v2\/media\/449"}],"wp:attachment":[{"href":"https:\/\/medicinaestetica.xn--institutomedicopalmeo-vbc.com\/index.php\/wp-json\/wp\/v2\/media?parent=448"}],"wp:term":[{"taxonomy":"product_cat","embeddable":true,"href":"https:\/\/medicinaestetica.xn--institutomedicopalmeo-vbc.com\/index.php\/wp-json\/wp\/v2\/product_cat?post=448"},{"taxonomy":"product_tag","embeddable":true,"href":"https:\/\/medicinaestetica.xn--institutomedicopalmeo-vbc.com\/index.php\/wp-json\/wp\/v2\/product_tag?post=448"}],"curies":[{"name":"wp","href":"https:\/\/api.w.org\/{rel}","templated":true}]}}