{"id":452,"date":"2024-02-16T12:24:22","date_gmt":"2024-02-16T12:24:22","guid":{"rendered":"https:\/\/medicinaestetica.xn--institutomedicopalmeo-vbc.com\/?post_type=product&#038;p=452"},"modified":"2024-02-16T12:24:23","modified_gmt":"2024-02-16T12:24:23","slug":"crema-recuperadora","status":"publish","type":"product","link":"https:\/\/medicinaestetica.xn--institutomedicopalmeo-vbc.com\/index.php\/producto\/crema-recuperadora\/","title":{"rendered":"CREMA RECUPERADORA"},"content":{"rendered":"","protected":false},"excerpt":{"rendered":"<p><strong>\u00a0<\/strong><\/p>\n<p>Regeneraci\u00f3n celular, hidrataci\u00f3n y recuperaci\u00f3n d\u00e9rmica. Mejora el aspecto de la piel en caso de tratamientos dermatol\u00f3gicos, post-peeling, post-depilaci\u00f3n, cicatrices, marcas de acn\u00e9, quemaduras e irritaciones. Para pieles at\u00f3picas y como aftershave.<\/p>\n<p>Revitaliza la actividad celular. Contiene p\u00e9ptidos y activos que modulan el crecimiento cut\u00e1neo y son regeneradores, reparadores, calmantes, hidratantes y antiestr\u00e9s. Act\u00faa como una barrera para facilitar el proceso de regeneraci\u00f3n natural de la piel.<\/p>\n","protected":false},"featured_media":453,"template":"","meta":{"_et_pb_use_builder":"","_et_pb_old_content":"","_et_gb_content_width":""},"product_cat":[36],"product_tag":[],"class_list":{"0":"post-452","1":"product","2":"type-product","3":"status-publish","4":"has-post-thumbnail","6":"product_cat-recuperacion-cutanea-y-piel-sensible","8":"first","9":"instock","10":"shipping-taxable","11":"product-type-simple"},"_links":{"self":[{"href":"https:\/\/medicinaestetica.xn--institutomedicopalmeo-vbc.com\/index.php\/wp-json\/wp\/v2\/product\/452","targetHints":{"allow":["GET"]}}],"collection":[{"href":"https:\/\/medicinaestetica.xn--institutomedicopalmeo-vbc.com\/index.php\/wp-json\/wp\/v2\/product"}],"about":[{"href":"https:\/\/medicinaestetica.xn--institutomedicopalmeo-vbc.com\/index.php\/wp-json\/wp\/v2\/types\/product"}],"wp:featuredmedia":[{"embeddable":true,"href":"https:\/\/medicinaestetica.xn--institutomedicopalmeo-vbc.com\/index.php\/wp-json\/wp\/v2\/media\/453"}],"wp:attachment":[{"href":"https:\/\/medicinaestetica.xn--institutomedicopalmeo-vbc.com\/index.php\/wp-json\/wp\/v2\/media?parent=452"}],"wp:term":[{"taxonomy":"product_cat","embeddable":true,"href":"https:\/\/medicinaestetica.xn--institutomedicopalmeo-vbc.com\/index.php\/wp-json\/wp\/v2\/product_cat?post=452"},{"taxonomy":"product_tag","embeddable":true,"href":"https:\/\/medicinaestetica.xn--institutomedicopalmeo-vbc.com\/index.php\/wp-json\/wp\/v2\/product_tag?post=452"}],"curies":[{"name":"wp","href":"https:\/\/api.w.org\/{rel}","templated":true}]}}