{"id":472,"date":"2024-02-16T12:44:16","date_gmt":"2024-02-16T12:44:16","guid":{"rendered":"https:\/\/medicinaestetica.xn--institutomedicopalmeo-vbc.com\/?post_type=product&#038;p=472"},"modified":"2024-02-16T12:44:17","modified_gmt":"2024-02-16T12:44:17","slug":"glicosyl","status":"publish","type":"product","link":"https:\/\/medicinaestetica.xn--institutomedicopalmeo-vbc.com\/index.php\/producto\/glicosyl\/","title":{"rendered":"GLICOSYL"},"content":{"rendered":"","protected":false},"excerpt":{"rendered":"<p>Hidrataci\u00f3n y cuidado de la piel con tendencia acn\u00e9ica. Regulaci\u00f3n de la proliferaci\u00f3n bacteriana gracias a los \u00e1cidos Glic\u00f3lico y Salic\u00edlico y sus activos naturales. Gel antiacn\u00e9 Oil-Free. Contiene \u00c1cido Glic\u00f3lico y Salic\u00edlico de efecto peeling, exfoliante y rejuvenecedor. Sus activos naturales de Manzanilla y Hammamelis le aportan una acci\u00f3n astringente y antis\u00e9ptica muy \u00fatil en las pieles seborreicas. Con Hialur\u00f3nico de acci\u00f3n hidratante, estimula de la s\u00edntesis de col\u00e1geno y mejora las cicatrices del acn\u00e9.<\/p>\n","protected":false},"featured_media":473,"template":"","meta":{"_et_pb_use_builder":"","_et_pb_old_content":"","_et_gb_content_width":""},"product_cat":[39],"product_tag":[],"class_list":{"0":"post-472","1":"product","2":"type-product","3":"status-publish","4":"has-post-thumbnail","6":"product_cat-cuidado-piel-grasa","8":"first","9":"instock","10":"shipping-taxable","11":"product-type-simple"},"_links":{"self":[{"href":"https:\/\/medicinaestetica.xn--institutomedicopalmeo-vbc.com\/index.php\/wp-json\/wp\/v2\/product\/472","targetHints":{"allow":["GET"]}}],"collection":[{"href":"https:\/\/medicinaestetica.xn--institutomedicopalmeo-vbc.com\/index.php\/wp-json\/wp\/v2\/product"}],"about":[{"href":"https:\/\/medicinaestetica.xn--institutomedicopalmeo-vbc.com\/index.php\/wp-json\/wp\/v2\/types\/product"}],"wp:featuredmedia":[{"embeddable":true,"href":"https:\/\/medicinaestetica.xn--institutomedicopalmeo-vbc.com\/index.php\/wp-json\/wp\/v2\/media\/473"}],"wp:attachment":[{"href":"https:\/\/medicinaestetica.xn--institutomedicopalmeo-vbc.com\/index.php\/wp-json\/wp\/v2\/media?parent=472"}],"wp:term":[{"taxonomy":"product_cat","embeddable":true,"href":"https:\/\/medicinaestetica.xn--institutomedicopalmeo-vbc.com\/index.php\/wp-json\/wp\/v2\/product_cat?post=472"},{"taxonomy":"product_tag","embeddable":true,"href":"https:\/\/medicinaestetica.xn--institutomedicopalmeo-vbc.com\/index.php\/wp-json\/wp\/v2\/product_tag?post=472"}],"curies":[{"name":"wp","href":"https:\/\/api.w.org\/{rel}","templated":true}]}}